{"id":1037,"date":"2024-05-17T18:27:31","date_gmt":"2024-05-17T16:27:31","guid":{"rendered":"https:\/\/leschiera.design\/?page_id=1037"},"modified":"2024-05-17T18:29:37","modified_gmt":"2024-05-17T16:29:37","slug":"projet-salle-deau-chambre-amis","status":"publish","type":"page","link":"https:\/\/leschiera.design\/index.php\/realisations\/projet-salle-deau-chambre-amis\/","title":{"rendered":"Projet Salle d&rsquo;eau chambre amis"},"content":{"rendered":"\n<p class=\"has-text-align-center\"><strong>R\u00e9novation Salle d&rsquo;eau:<\/strong><br>Petite salle d&rsquo;eau de 2,6 m2, attenante \u00e0 une chambre d&rsquo;amis\/bureau, \u00e0 r\u00e9nover et \u00e0 actualiser. <br>Les clients souhaitent ouvrir le mur de la douche pour agrandir la pi\u00e8ce et y installer le n\u00e9cessaire pour l&rsquo;accueil de leurs invit\u00e9s.<br><\/p>\n\n\n\n<h2 class=\"wp-block-heading has-ast-global-color-2-color has-text-color has-link-color wp-elements-0995674d744572f0f719d7b4277993f3\" style=\"margin-top:var(--wp--preset--spacing--60);margin-bottom:var(--wp--preset--spacing--60);font-size:35px;font-style:normal;font-weight:100\">Avant Projet<\/h2>\n\n\n\n<figure class=\"wp-block-gallery has-nested-images columns-default is-cropped wp-block-gallery-1 is-layout-flex wp-block-gallery-is-layout-flex\">\n<figure data-wp-context=\"{&quot;imageId&quot;:&quot;69e7943c9035a&quot;}\" data-wp-interactive=\"core\/image\" data-wp-key=\"69e7943c9035a\" class=\"wp-block-image size-large has-custom-border wp-lightbox-container\"><img fetchpriority=\"high\" decoding=\"async\" width=\"771\" height=\"1024\" data-wp-class--hide=\"state.isContentHidden\" data-wp-class--show=\"state.isContentVisible\" data-wp-init=\"callbacks.setButtonStyles\" data-wp-on--click=\"actions.showLightbox\" data-wp-on--load=\"callbacks.setButtonStyles\" data-wp-on-window--resize=\"callbacks.setButtonStyles\" data-id=\"1049\" src=\"https:\/\/leschiera.design\/wp-content\/uploads\/2024\/05\/IMG-20240401-WA0013-771x1024.jpg\" alt=\"\" class=\"wp-image-1049\" style=\"border-radius:10px\" srcset=\"https:\/\/leschiera.design\/wp-content\/uploads\/2024\/05\/IMG-20240401-WA0013-771x1024.jpg 771w, https:\/\/leschiera.design\/wp-content\/uploads\/2024\/05\/IMG-20240401-WA0013-226x300.jpg 226w, https:\/\/leschiera.design\/wp-content\/uploads\/2024\/05\/IMG-20240401-WA0013-768x1020.jpg 768w, https:\/\/leschiera.design\/wp-content\/uploads\/2024\/05\/IMG-20240401-WA0013-1157x1536.jpg 1157w, https:\/\/leschiera.design\/wp-content\/uploads\/2024\/05\/IMG-20240401-WA0013.jpg 1205w\" sizes=\"(max-width: 771px) 100vw, 771px\" \/><button\n\t\t\tclass=\"lightbox-trigger\"\n\t\t\ttype=\"button\"\n\t\t\taria-haspopup=\"dialog\"\n\t\t\taria-label=\"Agrandir\"\n\t\t\tdata-wp-init=\"callbacks.initTriggerButton\"\n\t\t\tdata-wp-on--click=\"actions.showLightbox\"\n\t\t\tdata-wp-style--right=\"state.imageButtonRight\"\n\t\t\tdata-wp-style--top=\"state.imageButtonTop\"\n\t\t>\n\t\t\t<svg xmlns=\"http:\/\/www.w3.org\/2000\/svg\" width=\"12\" height=\"12\" fill=\"none\" viewBox=\"0 0 12 12\">\n\t\t\t\t<path fill=\"#fff\" d=\"M2 0a2 2 0 0 0-2 2v2h1.5V2a.5.5 0 0 1 .5-.5h2V0H2Zm2 10.5H2a.5.5 0 0 1-.5-.5V8H0v2a2 2 0 0 0 2 2h2v-1.5ZM8 12v-1.5h2a.5.5 0 0 0 .5-.5V8H12v2a2 2 0 0 1-2 2H8Zm2-12a2 2 0 0 1 2 2v2h-1.5V2a.5.5 0 0 0-.5-.5H8V0h2Z\" \/>\n\t\t\t<\/svg>\n\t\t<\/button><\/figure>\n\n\n\n<figure data-wp-context=\"{&quot;imageId&quot;:&quot;69e7943c9072b&quot;}\" data-wp-interactive=\"core\/image\" data-wp-key=\"69e7943c9072b\" class=\"wp-block-image size-large has-custom-border wp-lightbox-container\"><img decoding=\"async\" width=\"1024\" height=\"793\" data-wp-class--hide=\"state.isContentHidden\" data-wp-class--show=\"state.isContentVisible\" data-wp-init=\"callbacks.setButtonStyles\" data-wp-on--click=\"actions.showLightbox\" data-wp-on--load=\"callbacks.setButtonStyles\" data-wp-on-window--resize=\"callbacks.setButtonStyles\" data-id=\"1050\" src=\"https:\/\/leschiera.design\/wp-content\/uploads\/2024\/05\/IMG-20240401-WA0014-1024x793.jpg\" alt=\"\" class=\"wp-image-1050\" style=\"border-radius:10px\" srcset=\"https:\/\/leschiera.design\/wp-content\/uploads\/2024\/05\/IMG-20240401-WA0014-1024x793.jpg 1024w, https:\/\/leschiera.design\/wp-content\/uploads\/2024\/05\/IMG-20240401-WA0014-300x232.jpg 300w, https:\/\/leschiera.design\/wp-content\/uploads\/2024\/05\/IMG-20240401-WA0014-768x594.jpg 768w, https:\/\/leschiera.design\/wp-content\/uploads\/2024\/05\/IMG-20240401-WA0014-1536x1189.jpg 1536w, https:\/\/leschiera.design\/wp-content\/uploads\/2024\/05\/IMG-20240401-WA0014.jpg 1584w\" sizes=\"(max-width: 1024px) 100vw, 1024px\" \/><button\n\t\t\tclass=\"lightbox-trigger\"\n\t\t\ttype=\"button\"\n\t\t\taria-haspopup=\"dialog\"\n\t\t\taria-label=\"Agrandir\"\n\t\t\tdata-wp-init=\"callbacks.initTriggerButton\"\n\t\t\tdata-wp-on--click=\"actions.showLightbox\"\n\t\t\tdata-wp-style--right=\"state.imageButtonRight\"\n\t\t\tdata-wp-style--top=\"state.imageButtonTop\"\n\t\t>\n\t\t\t<svg xmlns=\"http:\/\/www.w3.org\/2000\/svg\" width=\"12\" height=\"12\" fill=\"none\" viewBox=\"0 0 12 12\">\n\t\t\t\t<path fill=\"#fff\" d=\"M2 0a2 2 0 0 0-2 2v2h1.5V2a.5.5 0 0 1 .5-.5h2V0H2Zm2 10.5H2a.5.5 0 0 1-.5-.5V8H0v2a2 2 0 0 0 2 2h2v-1.5ZM8 12v-1.5h2a.5.5 0 0 0 .5-.5V8H12v2a2 2 0 0 1-2 2H8Zm2-12a2 2 0 0 1 2 2v2h-1.5V2a.5.5 0 0 0-.5-.5H8V0h2Z\" \/>\n\t\t\t<\/svg>\n\t\t<\/button><\/figure>\n<\/figure>\n\n\n\n<h2 class=\"wp-block-heading\" style=\"margin-top:var(--wp--preset--spacing--60);margin-bottom:var(--wp--preset--spacing--60);font-size:35px;font-style:normal;font-weight:100\">Apr\u00e8s Projet<\/h2>\n\n\n\n<figure class=\"wp-block-gallery has-nested-images columns-default is-cropped wp-block-gallery-2 is-layout-flex wp-block-gallery-is-layout-flex\">\n<figure data-wp-context=\"{&quot;imageId&quot;:&quot;69e7943c90b40&quot;}\" data-wp-interactive=\"core\/image\" data-wp-key=\"69e7943c90b40\" class=\"wp-block-image size-large has-custom-border wp-lightbox-container\"><img decoding=\"async\" width=\"1024\" height=\"625\" data-wp-class--hide=\"state.isContentHidden\" data-wp-class--show=\"state.isContentVisible\" data-wp-init=\"callbacks.setButtonStyles\" data-wp-on--click=\"actions.showLightbox\" data-wp-on--load=\"callbacks.setButtonStyles\" data-wp-on-window--resize=\"callbacks.setButtonStyles\" data-id=\"1052\" src=\"https:\/\/leschiera.design\/wp-content\/uploads\/2024\/05\/SDB-Amis-1L-1-1024x625.jpg\" alt=\"\" class=\"wp-image-1052\" style=\"border-radius:10px\" srcset=\"https:\/\/leschiera.design\/wp-content\/uploads\/2024\/05\/SDB-Amis-1L-1-1024x625.jpg 1024w, https:\/\/leschiera.design\/wp-content\/uploads\/2024\/05\/SDB-Amis-1L-1-300x183.jpg 300w, https:\/\/leschiera.design\/wp-content\/uploads\/2024\/05\/SDB-Amis-1L-1-768x468.jpg 768w, https:\/\/leschiera.design\/wp-content\/uploads\/2024\/05\/SDB-Amis-1L-1-1536x937.jpg 1536w, https:\/\/leschiera.design\/wp-content\/uploads\/2024\/05\/SDB-Amis-1L-1-2048x1249.jpg 2048w\" sizes=\"(max-width: 1024px) 100vw, 1024px\" \/><button\n\t\t\tclass=\"lightbox-trigger\"\n\t\t\ttype=\"button\"\n\t\t\taria-haspopup=\"dialog\"\n\t\t\taria-label=\"Agrandir\"\n\t\t\tdata-wp-init=\"callbacks.initTriggerButton\"\n\t\t\tdata-wp-on--click=\"actions.showLightbox\"\n\t\t\tdata-wp-style--right=\"state.imageButtonRight\"\n\t\t\tdata-wp-style--top=\"state.imageButtonTop\"\n\t\t>\n\t\t\t<svg xmlns=\"http:\/\/www.w3.org\/2000\/svg\" width=\"12\" height=\"12\" fill=\"none\" viewBox=\"0 0 12 12\">\n\t\t\t\t<path fill=\"#fff\" d=\"M2 0a2 2 0 0 0-2 2v2h1.5V2a.5.5 0 0 1 .5-.5h2V0H2Zm2 10.5H2a.5.5 0 0 1-.5-.5V8H0v2a2 2 0 0 0 2 2h2v-1.5ZM8 12v-1.5h2a.5.5 0 0 0 .5-.5V8H12v2a2 2 0 0 1-2 2H8Zm2-12a2 2 0 0 1 2 2v2h-1.5V2a.5.5 0 0 0-.5-.5H8V0h2Z\" \/>\n\t\t\t<\/svg>\n\t\t<\/button><\/figure>\n\n\n\n<figure data-wp-context=\"{&quot;imageId&quot;:&quot;69e7943c90ea2&quot;}\" data-wp-interactive=\"core\/image\" data-wp-key=\"69e7943c90ea2\" class=\"wp-block-image size-large has-custom-border wp-lightbox-container\"><img loading=\"lazy\" decoding=\"async\" width=\"1024\" height=\"627\" data-wp-class--hide=\"state.isContentHidden\" data-wp-class--show=\"state.isContentVisible\" data-wp-init=\"callbacks.setButtonStyles\" data-wp-on--click=\"actions.showLightbox\" data-wp-on--load=\"callbacks.setButtonStyles\" data-wp-on-window--resize=\"callbacks.setButtonStyles\" data-id=\"1051\" src=\"https:\/\/leschiera.design\/wp-content\/uploads\/2024\/05\/SDB-Amis-2L-1024x627.jpg\" alt=\"\" class=\"wp-image-1051\" style=\"border-radius:10px\" srcset=\"https:\/\/leschiera.design\/wp-content\/uploads\/2024\/05\/SDB-Amis-2L-1024x627.jpg 1024w, https:\/\/leschiera.design\/wp-content\/uploads\/2024\/05\/SDB-Amis-2L-300x184.jpg 300w, https:\/\/leschiera.design\/wp-content\/uploads\/2024\/05\/SDB-Amis-2L-768x470.jpg 768w, https:\/\/leschiera.design\/wp-content\/uploads\/2024\/05\/SDB-Amis-2L-1536x940.jpg 1536w, https:\/\/leschiera.design\/wp-content\/uploads\/2024\/05\/SDB-Amis-2L.jpg 1765w\" sizes=\"(max-width: 1024px) 100vw, 1024px\" \/><button\n\t\t\tclass=\"lightbox-trigger\"\n\t\t\ttype=\"button\"\n\t\t\taria-haspopup=\"dialog\"\n\t\t\taria-label=\"Agrandir\"\n\t\t\tdata-wp-init=\"callbacks.initTriggerButton\"\n\t\t\tdata-wp-on--click=\"actions.showLightbox\"\n\t\t\tdata-wp-style--right=\"state.imageButtonRight\"\n\t\t\tdata-wp-style--top=\"state.imageButtonTop\"\n\t\t>\n\t\t\t<svg xmlns=\"http:\/\/www.w3.org\/2000\/svg\" width=\"12\" height=\"12\" fill=\"none\" viewBox=\"0 0 12 12\">\n\t\t\t\t<path fill=\"#fff\" d=\"M2 0a2 2 0 0 0-2 2v2h1.5V2a.5.5 0 0 1 .5-.5h2V0H2Zm2 10.5H2a.5.5 0 0 1-.5-.5V8H0v2a2 2 0 0 0 2 2h2v-1.5ZM8 12v-1.5h2a.5.5 0 0 0 .5-.5V8H12v2a2 2 0 0 1-2 2H8Zm2-12a2 2 0 0 1 2 2v2h-1.5V2a.5.5 0 0 0-.5-.5H8V0h2Z\" \/>\n\t\t\t<\/svg>\n\t\t<\/button><\/figure>\n<\/figure>\n","protected":false},"excerpt":{"rendered":"<p>R\u00e9novation Salle d&rsquo;eau:Petite salle d&rsquo;eau de 2,6 m2, attenante \u00e0 une chambre d&rsquo;amis\/bureau, \u00e0 r\u00e9nover et \u00e0 actualiser. Les clients souhaitent ouvrir le mur de la douche pour agrandir la pi\u00e8ce et y installer le n\u00e9cessaire pour l&rsquo;accueil de leurs invit\u00e9s. Avant Projet Apr\u00e8s Projet<\/p>\n","protected":false},"author":1,"featured_media":0,"parent":515,"menu_order":9,"comment_status":"closed","ping_status":"closed","template":"","meta":{"site-sidebar-layout":"default","site-content-layout":"","ast-site-content-layout":"default","site-content-style":"default","site-sidebar-style":"default","ast-global-header-display":"","ast-banner-title-visibility":"","ast-main-header-display":"","ast-hfb-above-header-display":"","ast-hfb-below-header-display":"","ast-hfb-mobile-header-display":"","site-post-title":"disabled","ast-breadcrumbs-content":"","ast-featured-img":"","footer-sml-layout":"","theme-transparent-header-meta":"","adv-header-id-meta":"","stick-header-meta":"","header-above-stick-meta":"","header-main-stick-meta":"","header-below-stick-meta":"","astra-migrate-meta-layouts":"set","ast-page-background-enabled":"default","ast-page-background-meta":{"desktop":{"background-color":"","background-image":"","background-repeat":"repeat","background-position":"center center","background-size":"auto","background-attachment":"scroll","background-type":"","background-media":"","overlay-type":"","overlay-color":"","overlay-gradient":""},"tablet":{"background-color":"","background-image":"","background-repeat":"repeat","background-position":"center center","background-size":"auto","background-attachment":"scroll","background-type":"","background-media":"","overlay-type":"","overlay-color":"","overlay-gradient":""},"mobile":{"background-color":"","background-image":"","background-repeat":"repeat","background-position":"center center","background-size":"auto","background-attachment":"scroll","background-type":"","background-media":"","overlay-type":"","overlay-color":"","overlay-gradient":""}},"ast-content-background-meta":{"desktop":{"background-color":"var(--ast-global-color-5)","background-image":"","background-repeat":"repeat","background-position":"center center","background-size":"auto","background-attachment":"scroll","background-type":"","background-media":"","overlay-type":"","overlay-color":"","overlay-gradient":""},"tablet":{"background-color":"var(--ast-global-color-5)","background-image":"","background-repeat":"repeat","background-position":"center center","background-size":"auto","background-attachment":"scroll","background-type":"","background-media":"","overlay-type":"","overlay-color":"","overlay-gradient":""},"mobile":{"background-color":"var(--ast-global-color-5)","background-image":"","background-repeat":"repeat","background-position":"center center","background-size":"auto","background-attachment":"scroll","background-type":"","background-media":"","overlay-type":"","overlay-color":"","overlay-gradient":""}},"footnotes":""},"class_list":["post-1037","page","type-page","status-publish","hentry"],"_links":{"self":[{"href":"https:\/\/leschiera.design\/index.php\/wp-json\/wp\/v2\/pages\/1037","targetHints":{"allow":["GET"]}}],"collection":[{"href":"https:\/\/leschiera.design\/index.php\/wp-json\/wp\/v2\/pages"}],"about":[{"href":"https:\/\/leschiera.design\/index.php\/wp-json\/wp\/v2\/types\/page"}],"author":[{"embeddable":true,"href":"https:\/\/leschiera.design\/index.php\/wp-json\/wp\/v2\/users\/1"}],"replies":[{"embeddable":true,"href":"https:\/\/leschiera.design\/index.php\/wp-json\/wp\/v2\/comments?post=1037"}],"version-history":[{"count":4,"href":"https:\/\/leschiera.design\/index.php\/wp-json\/wp\/v2\/pages\/1037\/revisions"}],"predecessor-version":[{"id":1056,"href":"https:\/\/leschiera.design\/index.php\/wp-json\/wp\/v2\/pages\/1037\/revisions\/1056"}],"up":[{"embeddable":true,"href":"https:\/\/leschiera.design\/index.php\/wp-json\/wp\/v2\/pages\/515"}],"wp:attachment":[{"href":"https:\/\/leschiera.design\/index.php\/wp-json\/wp\/v2\/media?parent=1037"}],"curies":[{"name":"wp","href":"https:\/\/api.w.org\/{rel}","templated":true}]}}