{"id":1060,"date":"2024-05-17T19:00:02","date_gmt":"2024-05-17T17:00:02","guid":{"rendered":"https:\/\/leschiera.design\/?page_id=1060"},"modified":"2024-05-17T20:29:04","modified_gmt":"2024-05-17T18:29:04","slug":"projet-salle-de-bain-enfants","status":"publish","type":"page","link":"https:\/\/leschiera.design\/index.php\/realisations\/projet-salle-de-bain-enfants\/","title":{"rendered":"Projet salle de bain enfants"},"content":{"rendered":"\n<p class=\"has-text-align-center\"><strong>Rafraichissement d&rsquo;une salle de bain pour enfants:<\/strong><br>Cette petite salle de bain de 5,2 m2 doit \u00eatre remise au go\u00fbt du jour et adapt\u00e9e pour de jeunes enfants. <br>La baignoire est indispensable et les espaces de rangements doivent \u00eatre pratiques et nombreux. <br>La d\u00e9coration choisie doit plaire \u00e0 des enfants (color\u00e9e et dynamique)<\/p>\n\n\n\n<h2 class=\"wp-block-heading has-ast-global-color-2-color has-text-color has-link-color wp-elements-3290b9346b0bb965f9349ce7e6709c2b\" style=\"margin-top:var(--wp--preset--spacing--60);margin-bottom:var(--wp--preset--spacing--60);font-size:35px;font-style:normal;font-weight:100\">Avant Projet<\/h2>\n\n\n\n<figure class=\"wp-block-gallery has-nested-images columns-default is-cropped wp-block-gallery-1 is-layout-flex wp-block-gallery-is-layout-flex\">\n<figure data-wp-context=\"{&quot;imageId&quot;:&quot;69e7ad460452f&quot;}\" data-wp-interactive=\"core\/image\" data-wp-key=\"69e7ad460452f\" class=\"wp-block-image size-large has-custom-border wp-lightbox-container\"><img fetchpriority=\"high\" decoding=\"async\" width=\"768\" height=\"1024\" data-wp-class--hide=\"state.isContentHidden\" data-wp-class--show=\"state.isContentVisible\" data-wp-init=\"callbacks.setButtonStyles\" data-wp-on--click=\"actions.showLightbox\" data-wp-on--load=\"callbacks.setButtonStyles\" data-wp-on-window--resize=\"callbacks.setButtonStyles\" data-id=\"1062\" src=\"https:\/\/leschiera.design\/wp-content\/uploads\/2024\/05\/Salle-de-bain-enfant-5-768x1024.jpg\" alt=\"\" class=\"wp-image-1062\" style=\"border-radius:10px\" srcset=\"https:\/\/leschiera.design\/wp-content\/uploads\/2024\/05\/Salle-de-bain-enfant-5-768x1024.jpg 768w, https:\/\/leschiera.design\/wp-content\/uploads\/2024\/05\/Salle-de-bain-enfant-5-225x300.jpg 225w, https:\/\/leschiera.design\/wp-content\/uploads\/2024\/05\/Salle-de-bain-enfant-5-1152x1536.jpg 1152w, https:\/\/leschiera.design\/wp-content\/uploads\/2024\/05\/Salle-de-bain-enfant-5-1536x2048.jpg 1536w, https:\/\/leschiera.design\/wp-content\/uploads\/2024\/05\/Salle-de-bain-enfant-5-scaled.jpg 1920w\" sizes=\"(max-width: 768px) 100vw, 768px\" \/><button\n\t\t\tclass=\"lightbox-trigger\"\n\t\t\ttype=\"button\"\n\t\t\taria-haspopup=\"dialog\"\n\t\t\taria-label=\"Agrandir\"\n\t\t\tdata-wp-init=\"callbacks.initTriggerButton\"\n\t\t\tdata-wp-on--click=\"actions.showLightbox\"\n\t\t\tdata-wp-style--right=\"state.imageButtonRight\"\n\t\t\tdata-wp-style--top=\"state.imageButtonTop\"\n\t\t>\n\t\t\t<svg xmlns=\"http:\/\/www.w3.org\/2000\/svg\" width=\"12\" height=\"12\" fill=\"none\" viewBox=\"0 0 12 12\">\n\t\t\t\t<path fill=\"#fff\" d=\"M2 0a2 2 0 0 0-2 2v2h1.5V2a.5.5 0 0 1 .5-.5h2V0H2Zm2 10.5H2a.5.5 0 0 1-.5-.5V8H0v2a2 2 0 0 0 2 2h2v-1.5ZM8 12v-1.5h2a.5.5 0 0 0 .5-.5V8H12v2a2 2 0 0 1-2 2H8Zm2-12a2 2 0 0 1 2 2v2h-1.5V2a.5.5 0 0 0-.5-.5H8V0h2Z\" \/>\n\t\t\t<\/svg>\n\t\t<\/button><\/figure>\n\n\n\n<figure data-wp-context=\"{&quot;imageId&quot;:&quot;69e7ad4604a36&quot;}\" data-wp-interactive=\"core\/image\" data-wp-key=\"69e7ad4604a36\" class=\"wp-block-image size-large has-custom-border wp-lightbox-container\"><img decoding=\"async\" width=\"768\" height=\"1024\" data-wp-class--hide=\"state.isContentHidden\" data-wp-class--show=\"state.isContentVisible\" data-wp-init=\"callbacks.setButtonStyles\" data-wp-on--click=\"actions.showLightbox\" data-wp-on--load=\"callbacks.setButtonStyles\" data-wp-on-window--resize=\"callbacks.setButtonStyles\" data-id=\"1061\" src=\"https:\/\/leschiera.design\/wp-content\/uploads\/2024\/05\/Salle-de-bain-enfant-6-768x1024.jpg\" alt=\"\" class=\"wp-image-1061\" style=\"border-radius:10px\" srcset=\"https:\/\/leschiera.design\/wp-content\/uploads\/2024\/05\/Salle-de-bain-enfant-6-768x1024.jpg 768w, https:\/\/leschiera.design\/wp-content\/uploads\/2024\/05\/Salle-de-bain-enfant-6-225x300.jpg 225w, https:\/\/leschiera.design\/wp-content\/uploads\/2024\/05\/Salle-de-bain-enfant-6-1152x1536.jpg 1152w, https:\/\/leschiera.design\/wp-content\/uploads\/2024\/05\/Salle-de-bain-enfant-6-1536x2048.jpg 1536w, https:\/\/leschiera.design\/wp-content\/uploads\/2024\/05\/Salle-de-bain-enfant-6-scaled.jpg 1920w\" sizes=\"(max-width: 768px) 100vw, 768px\" \/><button\n\t\t\tclass=\"lightbox-trigger\"\n\t\t\ttype=\"button\"\n\t\t\taria-haspopup=\"dialog\"\n\t\t\taria-label=\"Agrandir\"\n\t\t\tdata-wp-init=\"callbacks.initTriggerButton\"\n\t\t\tdata-wp-on--click=\"actions.showLightbox\"\n\t\t\tdata-wp-style--right=\"state.imageButtonRight\"\n\t\t\tdata-wp-style--top=\"state.imageButtonTop\"\n\t\t>\n\t\t\t<svg xmlns=\"http:\/\/www.w3.org\/2000\/svg\" width=\"12\" height=\"12\" fill=\"none\" viewBox=\"0 0 12 12\">\n\t\t\t\t<path fill=\"#fff\" d=\"M2 0a2 2 0 0 0-2 2v2h1.5V2a.5.5 0 0 1 .5-.5h2V0H2Zm2 10.5H2a.5.5 0 0 1-.5-.5V8H0v2a2 2 0 0 0 2 2h2v-1.5ZM8 12v-1.5h2a.5.5 0 0 0 .5-.5V8H12v2a2 2 0 0 1-2 2H8Zm2-12a2 2 0 0 1 2 2v2h-1.5V2a.5.5 0 0 0-.5-.5H8V0h2Z\" \/>\n\t\t\t<\/svg>\n\t\t<\/button><\/figure>\n<\/figure>\n\n\n\n<h2 class=\"wp-block-heading\" style=\"margin-top:var(--wp--preset--spacing--60);margin-bottom:var(--wp--preset--spacing--60);font-size:35px;font-style:normal;font-weight:100\">Apr\u00e8s Projet<\/h2>\n\n\n\n<figure class=\"wp-block-gallery has-nested-images columns-default is-cropped wp-block-gallery-2 is-layout-flex wp-block-gallery-is-layout-flex\">\n<figure data-wp-context=\"{&quot;imageId&quot;:&quot;69e7ad4604f56&quot;}\" data-wp-interactive=\"core\/image\" data-wp-key=\"69e7ad4604f56\" class=\"wp-block-image size-large has-custom-border wp-lightbox-container\"><img decoding=\"async\" width=\"1024\" height=\"576\" data-wp-class--hide=\"state.isContentHidden\" data-wp-class--show=\"state.isContentVisible\" data-wp-init=\"callbacks.setButtonStyles\" data-wp-on--click=\"actions.showLightbox\" data-wp-on--load=\"callbacks.setButtonStyles\" data-wp-on-window--resize=\"callbacks.setButtonStyles\" data-id=\"1074\" src=\"https:\/\/leschiera.design\/wp-content\/uploads\/2024\/05\/SDB-enfant-2-L-1-1024x576.jpg\" alt=\"\" class=\"wp-image-1074\" style=\"border-radius:10px\" srcset=\"https:\/\/leschiera.design\/wp-content\/uploads\/2024\/05\/SDB-enfant-2-L-1-1024x576.jpg 1024w, https:\/\/leschiera.design\/wp-content\/uploads\/2024\/05\/SDB-enfant-2-L-1-300x169.jpg 300w, https:\/\/leschiera.design\/wp-content\/uploads\/2024\/05\/SDB-enfant-2-L-1-768x432.jpg 768w, https:\/\/leschiera.design\/wp-content\/uploads\/2024\/05\/SDB-enfant-2-L-1-1536x864.jpg 1536w, https:\/\/leschiera.design\/wp-content\/uploads\/2024\/05\/SDB-enfant-2-L-1.jpg 1920w\" sizes=\"(max-width: 1024px) 100vw, 1024px\" \/><button\n\t\t\tclass=\"lightbox-trigger\"\n\t\t\ttype=\"button\"\n\t\t\taria-haspopup=\"dialog\"\n\t\t\taria-label=\"Agrandir\"\n\t\t\tdata-wp-init=\"callbacks.initTriggerButton\"\n\t\t\tdata-wp-on--click=\"actions.showLightbox\"\n\t\t\tdata-wp-style--right=\"state.imageButtonRight\"\n\t\t\tdata-wp-style--top=\"state.imageButtonTop\"\n\t\t>\n\t\t\t<svg xmlns=\"http:\/\/www.w3.org\/2000\/svg\" width=\"12\" height=\"12\" fill=\"none\" viewBox=\"0 0 12 12\">\n\t\t\t\t<path fill=\"#fff\" d=\"M2 0a2 2 0 0 0-2 2v2h1.5V2a.5.5 0 0 1 .5-.5h2V0H2Zm2 10.5H2a.5.5 0 0 1-.5-.5V8H0v2a2 2 0 0 0 2 2h2v-1.5ZM8 12v-1.5h2a.5.5 0 0 0 .5-.5V8H12v2a2 2 0 0 1-2 2H8Zm2-12a2 2 0 0 1 2 2v2h-1.5V2a.5.5 0 0 0-.5-.5H8V0h2Z\" \/>\n\t\t\t<\/svg>\n\t\t<\/button><\/figure>\n\n\n\n<figure data-wp-context=\"{&quot;imageId&quot;:&quot;69e7ad46052d8&quot;}\" data-wp-interactive=\"core\/image\" data-wp-key=\"69e7ad46052d8\" class=\"wp-block-image size-large has-custom-border wp-lightbox-container\"><img loading=\"lazy\" decoding=\"async\" width=\"1024\" height=\"576\" data-wp-class--hide=\"state.isContentHidden\" data-wp-class--show=\"state.isContentVisible\" data-wp-init=\"callbacks.setButtonStyles\" data-wp-on--click=\"actions.showLightbox\" data-wp-on--load=\"callbacks.setButtonStyles\" data-wp-on-window--resize=\"callbacks.setButtonStyles\" data-id=\"1075\" src=\"https:\/\/leschiera.design\/wp-content\/uploads\/2024\/05\/SDB-enfant-3-L-3-1024x576.jpg\" alt=\"\" class=\"wp-image-1075\" style=\"border-radius:10px\" srcset=\"https:\/\/leschiera.design\/wp-content\/uploads\/2024\/05\/SDB-enfant-3-L-3-1024x576.jpg 1024w, https:\/\/leschiera.design\/wp-content\/uploads\/2024\/05\/SDB-enfant-3-L-3-300x169.jpg 300w, https:\/\/leschiera.design\/wp-content\/uploads\/2024\/05\/SDB-enfant-3-L-3-768x432.jpg 768w, https:\/\/leschiera.design\/wp-content\/uploads\/2024\/05\/SDB-enfant-3-L-3-1536x864.jpg 1536w, https:\/\/leschiera.design\/wp-content\/uploads\/2024\/05\/SDB-enfant-3-L-3.jpg 1920w\" sizes=\"(max-width: 1024px) 100vw, 1024px\" \/><button\n\t\t\tclass=\"lightbox-trigger\"\n\t\t\ttype=\"button\"\n\t\t\taria-haspopup=\"dialog\"\n\t\t\taria-label=\"Agrandir\"\n\t\t\tdata-wp-init=\"callbacks.initTriggerButton\"\n\t\t\tdata-wp-on--click=\"actions.showLightbox\"\n\t\t\tdata-wp-style--right=\"state.imageButtonRight\"\n\t\t\tdata-wp-style--top=\"state.imageButtonTop\"\n\t\t>\n\t\t\t<svg xmlns=\"http:\/\/www.w3.org\/2000\/svg\" width=\"12\" height=\"12\" fill=\"none\" viewBox=\"0 0 12 12\">\n\t\t\t\t<path fill=\"#fff\" d=\"M2 0a2 2 0 0 0-2 2v2h1.5V2a.5.5 0 0 1 .5-.5h2V0H2Zm2 10.5H2a.5.5 0 0 1-.5-.5V8H0v2a2 2 0 0 0 2 2h2v-1.5ZM8 12v-1.5h2a.5.5 0 0 0 .5-.5V8H12v2a2 2 0 0 1-2 2H8Zm2-12a2 2 0 0 1 2 2v2h-1.5V2a.5.5 0 0 0-.5-.5H8V0h2Z\" \/>\n\t\t\t<\/svg>\n\t\t<\/button><\/figure>\n<\/figure>\n\n\n\n<figure data-wp-context=\"{&quot;imageId&quot;:&quot;69e7ad460565b&quot;}\" data-wp-interactive=\"core\/image\" data-wp-key=\"69e7ad460565b\" class=\"wp-block-image size-large has-custom-border wp-lightbox-container\"><img loading=\"lazy\" decoding=\"async\" width=\"1024\" height=\"576\" data-wp-class--hide=\"state.isContentHidden\" data-wp-class--show=\"state.isContentVisible\" data-wp-init=\"callbacks.setButtonStyles\" data-wp-on--click=\"actions.showLightbox\" data-wp-on--load=\"callbacks.setButtonStyles\" data-wp-on-window--resize=\"callbacks.setButtonStyles\" src=\"https:\/\/leschiera.design\/wp-content\/uploads\/2024\/05\/SDB-enfant-1-L-1-1024x576.jpg\" alt=\"\" class=\"wp-image-1076\" style=\"border-radius:10px\" srcset=\"https:\/\/leschiera.design\/wp-content\/uploads\/2024\/05\/SDB-enfant-1-L-1-1024x576.jpg 1024w, https:\/\/leschiera.design\/wp-content\/uploads\/2024\/05\/SDB-enfant-1-L-1-300x169.jpg 300w, https:\/\/leschiera.design\/wp-content\/uploads\/2024\/05\/SDB-enfant-1-L-1-768x432.jpg 768w, https:\/\/leschiera.design\/wp-content\/uploads\/2024\/05\/SDB-enfant-1-L-1-1536x864.jpg 1536w, https:\/\/leschiera.design\/wp-content\/uploads\/2024\/05\/SDB-enfant-1-L-1.jpg 1920w\" sizes=\"(max-width: 1024px) 100vw, 1024px\" \/><button\n\t\t\tclass=\"lightbox-trigger\"\n\t\t\ttype=\"button\"\n\t\t\taria-haspopup=\"dialog\"\n\t\t\taria-label=\"Agrandir\"\n\t\t\tdata-wp-init=\"callbacks.initTriggerButton\"\n\t\t\tdata-wp-on--click=\"actions.showLightbox\"\n\t\t\tdata-wp-style--right=\"state.imageButtonRight\"\n\t\t\tdata-wp-style--top=\"state.imageButtonTop\"\n\t\t>\n\t\t\t<svg xmlns=\"http:\/\/www.w3.org\/2000\/svg\" width=\"12\" height=\"12\" fill=\"none\" viewBox=\"0 0 12 12\">\n\t\t\t\t<path fill=\"#fff\" d=\"M2 0a2 2 0 0 0-2 2v2h1.5V2a.5.5 0 0 1 .5-.5h2V0H2Zm2 10.5H2a.5.5 0 0 1-.5-.5V8H0v2a2 2 0 0 0 2 2h2v-1.5ZM8 12v-1.5h2a.5.5 0 0 0 .5-.5V8H12v2a2 2 0 0 1-2 2H8Zm2-12a2 2 0 0 1 2 2v2h-1.5V2a.5.5 0 0 0-.5-.5H8V0h2Z\" \/>\n\t\t\t<\/svg>\n\t\t<\/button><\/figure>\n","protected":false},"excerpt":{"rendered":"<p>Rafraichissement d&rsquo;une salle de bain pour enfants:Cette petite salle de bain de 5,2 m2 doit \u00eatre remise au go\u00fbt du jour et adapt\u00e9e pour de jeunes enfants. La baignoire est indispensable et les espaces de rangements doivent \u00eatre pratiques et nombreux. La d\u00e9coration choisie doit plaire \u00e0 des enfants (color\u00e9e et dynamique) Avant Projet Apr\u00e8s &hellip;<\/p>\n<p class=\"read-more\"> <a class=\"\" href=\"https:\/\/leschiera.design\/index.php\/realisations\/projet-salle-de-bain-enfants\/\"> <span class=\"screen-reader-text\">Projet salle de bain enfants<\/span> Lire la suite\u00a0\u00bb<\/a><\/p>\n","protected":false},"author":1,"featured_media":0,"parent":515,"menu_order":12,"comment_status":"closed","ping_status":"closed","template":"","meta":{"site-sidebar-layout":"default","site-content-layout":"","ast-site-content-layout":"default","site-content-style":"default","site-sidebar-style":"default","ast-global-header-display":"","ast-banner-title-visibility":"","ast-main-header-display":"","ast-hfb-above-header-display":"","ast-hfb-below-header-display":"","ast-hfb-mobile-header-display":"","site-post-title":"disabled","ast-breadcrumbs-content":"","ast-featured-img":"","footer-sml-layout":"","theme-transparent-header-meta":"","adv-header-id-meta":"","stick-header-meta":"","header-above-stick-meta":"","header-main-stick-meta":"","header-below-stick-meta":"","astra-migrate-meta-layouts":"set","ast-page-background-enabled":"default","ast-page-background-meta":{"desktop":{"background-color":"","background-image":"","background-repeat":"repeat","background-position":"center center","background-size":"auto","background-attachment":"scroll","background-type":"","background-media":"","overlay-type":"","overlay-color":"","overlay-gradient":""},"tablet":{"background-color":"","background-image":"","background-repeat":"repeat","background-position":"center center","background-size":"auto","background-attachment":"scroll","background-type":"","background-media":"","overlay-type":"","overlay-color":"","overlay-gradient":""},"mobile":{"background-color":"","background-image":"","background-repeat":"repeat","background-position":"center center","background-size":"auto","background-attachment":"scroll","background-type":"","background-media":"","overlay-type":"","overlay-color":"","overlay-gradient":""}},"ast-content-background-meta":{"desktop":{"background-color":"var(--ast-global-color-5)","background-image":"","background-repeat":"repeat","background-position":"center center","background-size":"auto","background-attachment":"scroll","background-type":"","background-media":"","overlay-type":"","overlay-color":"","overlay-gradient":""},"tablet":{"background-color":"var(--ast-global-color-5)","background-image":"","background-repeat":"repeat","background-position":"center center","background-size":"auto","background-attachment":"scroll","background-type":"","background-media":"","overlay-type":"","overlay-color":"","overlay-gradient":""},"mobile":{"background-color":"var(--ast-global-color-5)","background-image":"","background-repeat":"repeat","background-position":"center center","background-size":"auto","background-attachment":"scroll","background-type":"","background-media":"","overlay-type":"","overlay-color":"","overlay-gradient":""}},"footnotes":""},"class_list":["post-1060","page","type-page","status-publish","hentry"],"_links":{"self":[{"href":"https:\/\/leschiera.design\/index.php\/wp-json\/wp\/v2\/pages\/1060","targetHints":{"allow":["GET"]}}],"collection":[{"href":"https:\/\/leschiera.design\/index.php\/wp-json\/wp\/v2\/pages"}],"about":[{"href":"https:\/\/leschiera.design\/index.php\/wp-json\/wp\/v2\/types\/page"}],"author":[{"embeddable":true,"href":"https:\/\/leschiera.design\/index.php\/wp-json\/wp\/v2\/users\/1"}],"replies":[{"embeddable":true,"href":"https:\/\/leschiera.design\/index.php\/wp-json\/wp\/v2\/comments?post=1060"}],"version-history":[{"count":6,"href":"https:\/\/leschiera.design\/index.php\/wp-json\/wp\/v2\/pages\/1060\/revisions"}],"predecessor-version":[{"id":1078,"href":"https:\/\/leschiera.design\/index.php\/wp-json\/wp\/v2\/pages\/1060\/revisions\/1078"}],"up":[{"embeddable":true,"href":"https:\/\/leschiera.design\/index.php\/wp-json\/wp\/v2\/pages\/515"}],"wp:attachment":[{"href":"https:\/\/leschiera.design\/index.php\/wp-json\/wp\/v2\/media?parent=1060"}],"curies":[{"name":"wp","href":"https:\/\/api.w.org\/{rel}","templated":true}]}}