{"id":46,"date":"2023-12-01T09:00:22","date_gmt":"2023-12-01T08:00:22","guid":{"rendered":"https:\/\/leschiera.design\/index.php\/front_page\/"},"modified":"2023-12-18T16:15:32","modified_gmt":"2023-12-18T15:15:32","slug":"front_page","status":"publish","type":"page","link":"https:\/\/leschiera.design\/","title":{"rendered":"Home"},"content":{"rendered":"\n<figure data-wp-context=\"{&quot;imageId&quot;:&quot;69e76276b20a8&quot;}\" data-wp-interactive=\"core\/image\" data-wp-key=\"69e76276b20a8\" class=\"wp-block-image alignwide size-large has-custom-border wp-lightbox-container\"><img fetchpriority=\"high\" decoding=\"async\" width=\"1024\" height=\"576\" data-wp-class--hide=\"state.isContentHidden\" data-wp-class--show=\"state.isContentVisible\" data-wp-init=\"callbacks.setButtonStyles\" data-wp-on--click=\"actions.showLightbox\" data-wp-on--load=\"callbacks.setButtonStyles\" data-wp-on-window--resize=\"callbacks.setButtonStyles\" src=\"http:\/\/leschiera.design\/wp-content\/uploads\/2023\/12\/Page-accueil-1024x576.png\" alt=\"\" class=\"wp-image-988\" style=\"border-radius:10px\" srcset=\"https:\/\/leschiera.design\/wp-content\/uploads\/2023\/12\/Page-accueil-1024x576.png 1024w, https:\/\/leschiera.design\/wp-content\/uploads\/2023\/12\/Page-accueil-300x169.png 300w, https:\/\/leschiera.design\/wp-content\/uploads\/2023\/12\/Page-accueil-768x432.png 768w, https:\/\/leschiera.design\/wp-content\/uploads\/2023\/12\/Page-accueil-1536x864.png 1536w, https:\/\/leschiera.design\/wp-content\/uploads\/2023\/12\/Page-accueil.png 1920w\" sizes=\"(max-width: 1024px) 100vw, 1024px\" \/><button\n\t\t\tclass=\"lightbox-trigger\"\n\t\t\ttype=\"button\"\n\t\t\taria-haspopup=\"dialog\"\n\t\t\taria-label=\"Agrandir\"\n\t\t\tdata-wp-init=\"callbacks.initTriggerButton\"\n\t\t\tdata-wp-on--click=\"actions.showLightbox\"\n\t\t\tdata-wp-style--right=\"state.imageButtonRight\"\n\t\t\tdata-wp-style--top=\"state.imageButtonTop\"\n\t\t>\n\t\t\t<svg xmlns=\"http:\/\/www.w3.org\/2000\/svg\" width=\"12\" height=\"12\" fill=\"none\" viewBox=\"0 0 12 12\">\n\t\t\t\t<path fill=\"#fff\" d=\"M2 0a2 2 0 0 0-2 2v2h1.5V2a.5.5 0 0 1 .5-.5h2V0H2Zm2 10.5H2a.5.5 0 0 1-.5-.5V8H0v2a2 2 0 0 0 2 2h2v-1.5ZM8 12v-1.5h2a.5.5 0 0 0 .5-.5V8H12v2a2 2 0 0 1-2 2H8Zm2-12a2 2 0 0 1 2 2v2h-1.5V2a.5.5 0 0 0-.5-.5H8V0h2Z\" \/>\n\t\t\t<\/svg>\n\t\t<\/button><\/figure>\n\n\n\n<p class=\"has-text-align-center\" style=\"padding-top:var(--wp--preset--spacing--40);padding-bottom:var(--wp--preset--spacing--40);font-size:16px\"><strong>\u00ab&nbsp;La d\u00e9coration d&rsquo;int\u00e9rieur,<\/strong> <strong>c&rsquo;est l&rsquo;art de transformer une maison<\/strong> <strong>en un chez-soi&nbsp;\u00bb<\/strong><br><br>Envisagez-vous de r\u00e9nover votre espace de vie ou d\u2019en concevoir un nouveau ? \u00cates-vous \u00e0 la recherche d&rsquo;inspiration, de conseils ou d&rsquo;une expertise sp\u00e9cialis\u00e9e pour mener \u00e0 bien ce projet ?<br><br>Il peut \u00eatre souvent difficile de naviguer parmi les nombreuses tendances actuelles et de prendre des d\u00e9cisions avis\u00e9es pour personnaliser au mieux votre lieu de vie!<br><br>Pour toutes vos pr\u00e9occupations relatives \u00e0 l&rsquo;am\u00e9nagement, aux s\u00e9lections de couleurs, de textures, d&rsquo;\u00e9clairage et de mobilier, je me tiens \u00e0 votre disposition pour vous guider et vous accompagner dans la cr\u00e9ation d&rsquo;un environnement qui refl\u00e8te votre identit\u00e9 et vos envies!<br><br><strong>Dessinons ensemble votre int\u00e9rieur<\/strong>!<\/p>\n\n\n","protected":false},"excerpt":{"rendered":"<p>\u00ab&nbsp;La d\u00e9coration d&rsquo;int\u00e9rieur, c&rsquo;est l&rsquo;art de transformer une maison en un chez-soi&nbsp;\u00bb Envisagez-vous de r\u00e9nover votre espace de vie ou d\u2019en concevoir un nouveau ? \u00cates-vous \u00e0 la recherche d&rsquo;inspiration, de conseils ou d&rsquo;une expertise sp\u00e9cialis\u00e9e pour mener \u00e0 bien ce projet ? Il peut \u00eatre souvent difficile de naviguer parmi les nombreuses tendances actuelles &hellip;<\/p>\n<p class=\"read-more\"> <a class=\"\" href=\"https:\/\/leschiera.design\/\"> <span class=\"screen-reader-text\">Home<\/span> Lire la suite\u00a0\u00bb<\/a><\/p>\n","protected":false},"author":1,"featured_media":0,"parent":0,"menu_order":0,"comment_status":"closed","ping_status":"closed","template":"","meta":{"site-sidebar-layout":"default","site-content-layout":"","ast-site-content-layout":"default","site-content-style":"default","site-sidebar-style":"default","ast-global-header-display":"","ast-banner-title-visibility":"","ast-main-header-display":"","ast-hfb-above-header-display":"","ast-hfb-below-header-display":"","ast-hfb-mobile-header-display":"","site-post-title":"disabled","ast-breadcrumbs-content":"","ast-featured-img":"","footer-sml-layout":"","theme-transparent-header-meta":"","adv-header-id-meta":"","stick-header-meta":"","header-above-stick-meta":"","header-main-stick-meta":"","header-below-stick-meta":"","astra-migrate-meta-layouts":"set","ast-page-background-enabled":"default","ast-page-background-meta":{"desktop":{"background-color":"","background-image":"","background-repeat":"repeat","background-position":"center center","background-size":"auto","background-attachment":"scroll","background-type":"","background-media":"","overlay-type":"","overlay-color":"","overlay-gradient":""},"tablet":{"background-color":"","background-image":"","background-repeat":"repeat","background-position":"center center","background-size":"auto","background-attachment":"scroll","background-type":"","background-media":"","overlay-type":"","overlay-color":"","overlay-gradient":""},"mobile":{"background-color":"","background-image":"","background-repeat":"repeat","background-position":"center center","background-size":"auto","background-attachment":"scroll","background-type":"","background-media":"","overlay-type":"","overlay-color":"","overlay-gradient":""}},"ast-content-background-meta":{"desktop":{"background-color":"var(--ast-global-color-5)","background-image":"","background-repeat":"repeat","background-position":"center center","background-size":"auto","background-attachment":"scroll","background-type":"","background-media":"","overlay-type":"","overlay-color":"","overlay-gradient":""},"tablet":{"background-color":"var(--ast-global-color-5)","background-image":"","background-repeat":"repeat","background-position":"center center","background-size":"auto","background-attachment":"scroll","background-type":"","background-media":"","overlay-type":"","overlay-color":"","overlay-gradient":""},"mobile":{"background-color":"var(--ast-global-color-5)","background-image":"","background-repeat":"repeat","background-position":"center center","background-size":"auto","background-attachment":"scroll","background-type":"","background-media":"","overlay-type":"","overlay-color":"","overlay-gradient":""}},"footnotes":""},"class_list":["post-46","page","type-page","status-publish","hentry"],"_links":{"self":[{"href":"https:\/\/leschiera.design\/index.php\/wp-json\/wp\/v2\/pages\/46","targetHints":{"allow":["GET"]}}],"collection":[{"href":"https:\/\/leschiera.design\/index.php\/wp-json\/wp\/v2\/pages"}],"about":[{"href":"https:\/\/leschiera.design\/index.php\/wp-json\/wp\/v2\/types\/page"}],"author":[{"embeddable":true,"href":"https:\/\/leschiera.design\/index.php\/wp-json\/wp\/v2\/users\/1"}],"replies":[{"embeddable":true,"href":"https:\/\/leschiera.design\/index.php\/wp-json\/wp\/v2\/comments?post=46"}],"version-history":[{"count":33,"href":"https:\/\/leschiera.design\/index.php\/wp-json\/wp\/v2\/pages\/46\/revisions"}],"predecessor-version":[{"id":1000,"href":"https:\/\/leschiera.design\/index.php\/wp-json\/wp\/v2\/pages\/46\/revisions\/1000"}],"wp:attachment":[{"href":"https:\/\/leschiera.design\/index.php\/wp-json\/wp\/v2\/media?parent=46"}],"curies":[{"name":"wp","href":"https:\/\/api.w.org\/{rel}","templated":true}]}}