{"id":510,"date":"2023-12-01T09:04:01","date_gmt":"2023-12-01T08:04:01","guid":{"rendered":"https:\/\/leschiera.design\/?page_id=510"},"modified":"2024-01-02T21:24:34","modified_gmt":"2024-01-02T20:24:34","slug":"a-propos","status":"publish","type":"page","link":"https:\/\/leschiera.design\/index.php\/a-propos\/","title":{"rendered":"A Propos"},"content":{"rendered":"\n<p class=\"has-text-align-center has-ast-global-color-1-color has-text-color has-link-color wp-elements-ea965ed20c71daea5622527f9e272750\" style=\"font-size:18px\">Bienvenue chez Leschiera Design, <br>je suis Camille, fondatrice et d\u00e9coratrice d&rsquo;int\u00e9rieur passionn\u00e9e!<\/p>\n\n\n\n<div class=\"wp-block-columns is-layout-flex wp-container-core-columns-is-layout-28f84493 wp-block-columns-is-layout-flex\">\n<div class=\"wp-block-column is-layout-flow wp-block-column-is-layout-flow\" style=\"flex-basis:50%\">\n<p class=\"has-text-align-left\" style=\"font-size:16px\">J&rsquo;ai entam\u00e9 ma carri\u00e8re dans le domaine des Ressources Humaines, au sein duquel j&rsquo;ai d\u00e9velopp\u00e9 une solide expertise en gestion du personnel. Cette exp\u00e9rience m\u2019a appris \u00e0 construire des relations de confiance, \u00e0 \u00e9couter activement et \u00e0 anticiper les besoins.<br>Passionn\u00e9e de dessin et de d\u00e9coration depuis toujours, j\u2019ai la conviction que l&rsquo;espace dans lequel nous vivons a un impact significatif sur notre bien-\u00eatre, et notre bonheur.<br><br>D\u00e9coratrice certifi\u00e9e en 2021, je concr\u00e9tise mon r\u00eave et d\u00e9cide de cr\u00e9er Leschiera Design.<br><br>Je consid\u00e8re chaque projet comme une opportunit\u00e9 de cr\u00e9er des espaces uniques qui refl\u00e8tent la personnalit\u00e9 et les besoins de mes clients et de leur entourage.<br>Mon objectif est d&rsquo;apporter une touche de cr\u00e9ativit\u00e9 et d&rsquo;harmonie \u00e0 votre int\u00e9rieur, tout en accordant une attention particuli\u00e8re aux aspects fonctionnels et \u00e0 l\u2019optimisation de votre espace.<br>Je crois fermement que chaque d\u00e9tail compte, et je m\u2019engage \u00e0 concevoir un int\u00e9rieur dans lequel vous vous sentirez bien.<\/p>\n<\/div>\n\n\n\n<div class=\"wp-block-column is-layout-flow wp-block-column-is-layout-flow\" style=\"flex-basis:50%\">\n<figure class=\"wp-block-image aligncenter size-large is-resized has-custom-border wp-duotone-grayscale\"><img fetchpriority=\"high\" decoding=\"async\" width=\"568\" height=\"1024\" src=\"http:\/\/leschiera.design\/wp-content\/uploads\/2023\/11\/20230427_140223-568x1024.jpg\" alt=\"\" class=\"wp-image-608\" style=\"border-radius:10px;width:324px;height:auto\" srcset=\"https:\/\/leschiera.design\/wp-content\/uploads\/2023\/11\/20230427_140223-568x1024.jpg 568w, https:\/\/leschiera.design\/wp-content\/uploads\/2023\/11\/20230427_140223-166x300.jpg 166w, https:\/\/leschiera.design\/wp-content\/uploads\/2023\/11\/20230427_140223-768x1386.jpg 768w, https:\/\/leschiera.design\/wp-content\/uploads\/2023\/11\/20230427_140223-851x1536.jpg 851w, https:\/\/leschiera.design\/wp-content\/uploads\/2023\/11\/20230427_140223-1135x2048.jpg 1135w, https:\/\/leschiera.design\/wp-content\/uploads\/2023\/11\/20230427_140223.jpg 1322w\" sizes=\"(max-width: 568px) 100vw, 568px\" \/><\/figure>\n<\/div>\n<\/div>\n\n\n\n<p class=\"has-text-align-center\" style=\"font-size:16px\"><strong>COLLABORONS ENSEMBLE!<br><\/strong>Contactez moi pour discuter de vos projets et de la mani\u00e8re dont nous pouvons dessiner votre int\u00e9rieur!<\/p>\n\n\n","protected":false},"excerpt":{"rendered":"<p>Bienvenue chez Leschiera Design, je suis Camille, fondatrice et d\u00e9coratrice d&rsquo;int\u00e9rieur passionn\u00e9e! J&rsquo;ai entam\u00e9 ma carri\u00e8re dans le domaine des Ressources Humaines, au sein duquel j&rsquo;ai d\u00e9velopp\u00e9 une solide expertise en gestion du personnel. Cette exp\u00e9rience m\u2019a appris \u00e0 construire des relations de confiance, \u00e0 \u00e9couter activement et \u00e0 anticiper les besoins.Passionn\u00e9e de dessin et &hellip;<\/p>\n<p class=\"read-more\"> <a class=\"\" href=\"https:\/\/leschiera.design\/index.php\/a-propos\/\"> <span class=\"screen-reader-text\">A Propos<\/span> Lire la suite\u00a0\u00bb<\/a><\/p>\n","protected":false},"author":1,"featured_media":0,"parent":0,"menu_order":0,"comment_status":"closed","ping_status":"closed","template":"","meta":{"site-sidebar-layout":"default","site-content-layout":"","ast-site-content-layout":"default","site-content-style":"default","site-sidebar-style":"default","ast-global-header-display":"","ast-banner-title-visibility":"","ast-main-header-display":"","ast-hfb-above-header-display":"","ast-hfb-below-header-display":"","ast-hfb-mobile-header-display":"","site-post-title":"disabled","ast-breadcrumbs-content":"","ast-featured-img":"","footer-sml-layout":"","theme-transparent-header-meta":"","adv-header-id-meta":"","stick-header-meta":"","header-above-stick-meta":"","header-main-stick-meta":"","header-below-stick-meta":"","astra-migrate-meta-layouts":"set","ast-page-background-enabled":"default","ast-page-background-meta":{"desktop":{"background-color":"","background-image":"","background-repeat":"repeat","background-position":"center center","background-size":"auto","background-attachment":"scroll","background-type":"","background-media":"","overlay-type":"","overlay-color":"","overlay-gradient":""},"tablet":{"background-color":"","background-image":"","background-repeat":"repeat","background-position":"center center","background-size":"auto","background-attachment":"scroll","background-type":"","background-media":"","overlay-type":"","overlay-color":"","overlay-gradient":""},"mobile":{"background-color":"","background-image":"","background-repeat":"repeat","background-position":"center center","background-size":"auto","background-attachment":"scroll","background-type":"","background-media":"","overlay-type":"","overlay-color":"","overlay-gradient":""}},"ast-content-background-meta":{"desktop":{"background-color":"var(--ast-global-color-5)","background-image":"","background-repeat":"repeat","background-position":"center center","background-size":"auto","background-attachment":"scroll","background-type":"","background-media":"","overlay-type":"","overlay-color":"","overlay-gradient":""},"tablet":{"background-color":"var(--ast-global-color-5)","background-image":"","background-repeat":"repeat","background-position":"center center","background-size":"auto","background-attachment":"scroll","background-type":"","background-media":"","overlay-type":"","overlay-color":"","overlay-gradient":""},"mobile":{"background-color":"var(--ast-global-color-5)","background-image":"","background-repeat":"repeat","background-position":"center center","background-size":"auto","background-attachment":"scroll","background-type":"","background-media":"","overlay-type":"","overlay-color":"","overlay-gradient":""}},"footnotes":""},"class_list":["post-510","page","type-page","status-publish","hentry"],"_links":{"self":[{"href":"https:\/\/leschiera.design\/index.php\/wp-json\/wp\/v2\/pages\/510","targetHints":{"allow":["GET"]}}],"collection":[{"href":"https:\/\/leschiera.design\/index.php\/wp-json\/wp\/v2\/pages"}],"about":[{"href":"https:\/\/leschiera.design\/index.php\/wp-json\/wp\/v2\/types\/page"}],"author":[{"embeddable":true,"href":"https:\/\/leschiera.design\/index.php\/wp-json\/wp\/v2\/users\/1"}],"replies":[{"embeddable":true,"href":"https:\/\/leschiera.design\/index.php\/wp-json\/wp\/v2\/comments?post=510"}],"version-history":[{"count":20,"href":"https:\/\/leschiera.design\/index.php\/wp-json\/wp\/v2\/pages\/510\/revisions"}],"predecessor-version":[{"id":1007,"href":"https:\/\/leschiera.design\/index.php\/wp-json\/wp\/v2\/pages\/510\/revisions\/1007"}],"wp:attachment":[{"href":"https:\/\/leschiera.design\/index.php\/wp-json\/wp\/v2\/media?parent=510"}],"curies":[{"name":"wp","href":"https:\/\/api.w.org\/{rel}","templated":true}]}}