{"id":515,"date":"2023-12-01T09:06:34","date_gmt":"2023-12-01T08:06:34","guid":{"rendered":"https:\/\/leschiera.design\/?page_id=515"},"modified":"2024-05-17T19:00:23","modified_gmt":"2024-05-17T17:00:23","slug":"realisations","status":"publish","type":"page","link":"https:\/\/leschiera.design\/index.php\/realisations\/","title":{"rendered":"R\u00e9alisations"},"content":{"rendered":"\n<p class=\"has-text-align-center\" style=\"font-size:16px\">Voici quelques unes de mes r\u00e9alisations<br>Pour chaque projet, d\u00e9couvrez les photos avant\/apr\u00e8s et familiarisez-vous avec ma fa\u00e7on de travailler !  <br>Il ne vous reste plus qu&rsquo;\u00e0 cliquer !<\/p>\n\n\n\n<figure class=\"wp-block-gallery has-nested-images columns-default is-cropped wp-block-gallery-1 is-layout-flex wp-block-gallery-is-layout-flex\">\n<figure class=\"wp-block-image size-large has-custom-border is-style-rounded\"><a href=\"https:\/\/leschiera.design\/index.php\/realisations\/projet-rdc-sejour-cuisine\/\" target=\"_blank\" rel=\"noreferrer noopener\"><img fetchpriority=\"high\" decoding=\"async\" width=\"1024\" height=\"576\" data-id=\"730\" src=\"https:\/\/leschiera.design\/wp-content\/uploads\/2023\/12\/Sejour-1-L-1-1024x576.jpg\" alt=\"\" class=\"wp-image-730\" style=\"border-style:none;border-width:0px;border-radius:10px\" srcset=\"https:\/\/leschiera.design\/wp-content\/uploads\/2023\/12\/Sejour-1-L-1-1024x576.jpg 1024w, https:\/\/leschiera.design\/wp-content\/uploads\/2023\/12\/Sejour-1-L-1-300x169.jpg 300w, https:\/\/leschiera.design\/wp-content\/uploads\/2023\/12\/Sejour-1-L-1-768x432.jpg 768w, https:\/\/leschiera.design\/wp-content\/uploads\/2023\/12\/Sejour-1-L-1-1536x864.jpg 1536w, https:\/\/leschiera.design\/wp-content\/uploads\/2023\/12\/Sejour-1-L-1.jpg 1920w\" sizes=\"(max-width: 1024px) 100vw, 1024px\" \/><\/a><\/figure>\n\n\n\n<figure class=\"wp-block-image size-large has-custom-border\"><a href=\"https:\/\/leschiera.design\/index.php\/realisations\/projet-bureau\/\" target=\"_blank\" rel=\"noreferrer noopener\"><img decoding=\"async\" width=\"1024\" height=\"576\" data-id=\"725\" src=\"https:\/\/leschiera.design\/wp-content\/uploads\/2023\/12\/Bureau-2-L-1024x576.jpg\" alt=\"\" class=\"wp-image-725\" style=\"border-radius:10px\" srcset=\"https:\/\/leschiera.design\/wp-content\/uploads\/2023\/12\/Bureau-2-L-1024x576.jpg 1024w, https:\/\/leschiera.design\/wp-content\/uploads\/2023\/12\/Bureau-2-L-300x169.jpg 300w, https:\/\/leschiera.design\/wp-content\/uploads\/2023\/12\/Bureau-2-L-768x432.jpg 768w, https:\/\/leschiera.design\/wp-content\/uploads\/2023\/12\/Bureau-2-L-1536x864.jpg 1536w, https:\/\/leschiera.design\/wp-content\/uploads\/2023\/12\/Bureau-2-L.jpg 1920w\" sizes=\"(max-width: 1024px) 100vw, 1024px\" \/><\/a><\/figure>\n\n\n\n<figure class=\"wp-block-image size-large has-custom-border\"><a href=\"https:\/\/leschiera.design\/index.php\/realisations\/projet-chambre-parentale\/\" target=\"_blank\" rel=\"noreferrer noopener\"><img decoding=\"async\" width=\"1024\" height=\"576\" data-id=\"727\" src=\"https:\/\/leschiera.design\/wp-content\/uploads\/2023\/12\/Chambre-parentale-3-L-1024x576.jpg\" alt=\"\" class=\"wp-image-727\" style=\"border-radius:10px\" srcset=\"https:\/\/leschiera.design\/wp-content\/uploads\/2023\/12\/Chambre-parentale-3-L-1024x576.jpg 1024w, https:\/\/leschiera.design\/wp-content\/uploads\/2023\/12\/Chambre-parentale-3-L-300x169.jpg 300w, https:\/\/leschiera.design\/wp-content\/uploads\/2023\/12\/Chambre-parentale-3-L-768x432.jpg 768w, https:\/\/leschiera.design\/wp-content\/uploads\/2023\/12\/Chambre-parentale-3-L-1536x864.jpg 1536w, https:\/\/leschiera.design\/wp-content\/uploads\/2023\/12\/Chambre-parentale-3-L.jpg 1920w\" sizes=\"(max-width: 1024px) 100vw, 1024px\" \/><\/a><\/figure>\n\n\n\n<figure class=\"wp-block-image size-large has-custom-border\"><a href=\"https:\/\/leschiera.design\/index.php\/realisations\/projet-agence\/\" target=\"_blank\" rel=\"noreferrer noopener\"><img loading=\"lazy\" decoding=\"async\" width=\"1024\" height=\"576\" data-id=\"793\" src=\"https:\/\/leschiera.design\/wp-content\/uploads\/2023\/12\/Projet-Laforge-11-1024x576.jpeg\" alt=\"\" class=\"wp-image-793\" style=\"border-radius:10px\" srcset=\"https:\/\/leschiera.design\/wp-content\/uploads\/2023\/12\/Projet-Laforge-11-1024x576.jpeg 1024w, https:\/\/leschiera.design\/wp-content\/uploads\/2023\/12\/Projet-Laforge-11-300x169.jpeg 300w, https:\/\/leschiera.design\/wp-content\/uploads\/2023\/12\/Projet-Laforge-11-768x432.jpeg 768w, https:\/\/leschiera.design\/wp-content\/uploads\/2023\/12\/Projet-Laforge-11-1536x864.jpeg 1536w, https:\/\/leschiera.design\/wp-content\/uploads\/2023\/12\/Projet-Laforge-11.jpeg 1920w\" sizes=\"(max-width: 1024px) 100vw, 1024px\" \/><\/a><\/figure>\n\n\n\n<figure class=\"wp-block-image size-large has-custom-border\"><a href=\"https:\/\/leschiera.design\/index.php\/realisations\/projet-chambre-damis\/\" target=\"_blank\" rel=\"noreferrer noopener\"><img loading=\"lazy\" decoding=\"async\" width=\"1024\" height=\"576\" data-id=\"726\" src=\"https:\/\/leschiera.design\/wp-content\/uploads\/2023\/12\/Chambre-amis-4-L-1024x576.jpg\" alt=\"\" class=\"wp-image-726\" style=\"border-radius:10px\" srcset=\"https:\/\/leschiera.design\/wp-content\/uploads\/2023\/12\/Chambre-amis-4-L-1024x576.jpg 1024w, https:\/\/leschiera.design\/wp-content\/uploads\/2023\/12\/Chambre-amis-4-L-300x169.jpg 300w, https:\/\/leschiera.design\/wp-content\/uploads\/2023\/12\/Chambre-amis-4-L-768x432.jpg 768w, https:\/\/leschiera.design\/wp-content\/uploads\/2023\/12\/Chambre-amis-4-L-1536x864.jpg 1536w, https:\/\/leschiera.design\/wp-content\/uploads\/2023\/12\/Chambre-amis-4-L.jpg 1920w\" sizes=\"(max-width: 1024px) 100vw, 1024px\" \/><\/a><\/figure>\n\n\n\n<figure class=\"wp-block-image size-large has-custom-border\"><a href=\"https:\/\/leschiera.design\/index.php\/realisations\/projet-salle-de-bain-adulte\/\" target=\"_blank\" rel=\"noreferrer noopener\"><img loading=\"lazy\" decoding=\"async\" width=\"1024\" height=\"576\" data-id=\"729\" src=\"https:\/\/leschiera.design\/wp-content\/uploads\/2023\/12\/SDB-adulte-3-L-1-1024x576.jpg\" alt=\"\" class=\"wp-image-729\" style=\"border-radius:10px\" srcset=\"https:\/\/leschiera.design\/wp-content\/uploads\/2023\/12\/SDB-adulte-3-L-1-1024x576.jpg 1024w, https:\/\/leschiera.design\/wp-content\/uploads\/2023\/12\/SDB-adulte-3-L-1-300x169.jpg 300w, https:\/\/leschiera.design\/wp-content\/uploads\/2023\/12\/SDB-adulte-3-L-1-768x432.jpg 768w, https:\/\/leschiera.design\/wp-content\/uploads\/2023\/12\/SDB-adulte-3-L-1-1536x864.jpg 1536w, https:\/\/leschiera.design\/wp-content\/uploads\/2023\/12\/SDB-adulte-3-L-1.jpg 1920w\" sizes=\"(max-width: 1024px) 100vw, 1024px\" \/><\/a><\/figure>\n\n\n\n<figure class=\"wp-block-image size-large has-custom-border\"><a href=\"https:\/\/leschiera.design\/index.php\/realisations\/projet-chambre-ado\/\" target=\"_blank\" rel=\"noreferrer noopener\"><img loading=\"lazy\" decoding=\"async\" width=\"1024\" height=\"576\" data-id=\"728\" src=\"https:\/\/leschiera.design\/wp-content\/uploads\/2023\/12\/Chambre-ado-1-L-1024x576.jpeg\" alt=\"\" class=\"wp-image-728\" style=\"border-radius:10px\" srcset=\"https:\/\/leschiera.design\/wp-content\/uploads\/2023\/12\/Chambre-ado-1-L-1024x576.jpeg 1024w, https:\/\/leschiera.design\/wp-content\/uploads\/2023\/12\/Chambre-ado-1-L-300x169.jpeg 300w, https:\/\/leschiera.design\/wp-content\/uploads\/2023\/12\/Chambre-ado-1-L-768x432.jpeg 768w, https:\/\/leschiera.design\/wp-content\/uploads\/2023\/12\/Chambre-ado-1-L-1536x864.jpeg 1536w, https:\/\/leschiera.design\/wp-content\/uploads\/2023\/12\/Chambre-ado-1-L.jpeg 1920w\" sizes=\"(max-width: 1024px) 100vw, 1024px\" \/><\/a><\/figure>\n\n\n\n<figure class=\"wp-block-image size-large has-custom-border is-style-default\"><a href=\"https:\/\/leschiera.design\/index.php\/realisations\/projet-salle-de-bain-parentale\/\"><img loading=\"lazy\" decoding=\"async\" width=\"1024\" height=\"576\" data-id=\"1040\" src=\"https:\/\/leschiera.design\/wp-content\/uploads\/2024\/05\/SDB-Parentale-2L-2-1024x576.jpg\" alt=\"\" class=\"wp-image-1040\" style=\"border-style:none;border-width:0px;border-radius:10px\" srcset=\"https:\/\/leschiera.design\/wp-content\/uploads\/2024\/05\/SDB-Parentale-2L-2-1024x576.jpg 1024w, https:\/\/leschiera.design\/wp-content\/uploads\/2024\/05\/SDB-Parentale-2L-2-300x169.jpg 300w, https:\/\/leschiera.design\/wp-content\/uploads\/2024\/05\/SDB-Parentale-2L-2-768x432.jpg 768w, https:\/\/leschiera.design\/wp-content\/uploads\/2024\/05\/SDB-Parentale-2L-2-1536x864.jpg 1536w, https:\/\/leschiera.design\/wp-content\/uploads\/2024\/05\/SDB-Parentale-2L-2.jpg 1920w\" sizes=\"(max-width: 1024px) 100vw, 1024px\" \/><\/a><\/figure>\n\n\n\n<figure class=\"wp-block-image size-large has-custom-border\"><a href=\"https:\/\/leschiera.design\/index.php\/realisations\/projet-salle-deau-chambre-amis\/\"><img loading=\"lazy\" decoding=\"async\" width=\"1024\" height=\"625\" data-id=\"1020\" src=\"https:\/\/leschiera.design\/wp-content\/uploads\/2024\/05\/SDB-Amis-1L-1024x625.jpg\" alt=\"\" class=\"wp-image-1020\" style=\"border-radius:10px\" srcset=\"https:\/\/leschiera.design\/wp-content\/uploads\/2024\/05\/SDB-Amis-1L-1024x625.jpg 1024w, https:\/\/leschiera.design\/wp-content\/uploads\/2024\/05\/SDB-Amis-1L-300x183.jpg 300w, https:\/\/leschiera.design\/wp-content\/uploads\/2024\/05\/SDB-Amis-1L-768x468.jpg 768w, https:\/\/leschiera.design\/wp-content\/uploads\/2024\/05\/SDB-Amis-1L-1536x937.jpg 1536w, https:\/\/leschiera.design\/wp-content\/uploads\/2024\/05\/SDB-Amis-1L-2048x1249.jpg 2048w\" sizes=\"(max-width: 1024px) 100vw, 1024px\" \/><\/a><\/figure>\n\n\n\n<figure class=\"wp-block-image size-large has-custom-border\"><a href=\"https:\/\/leschiera.design\/index.php\/realisations\/projet-chambre-enfant\/\" target=\"_blank\" rel=\"noreferrer noopener\"><img loading=\"lazy\" decoding=\"async\" width=\"1024\" height=\"576\" data-id=\"723\" src=\"https:\/\/leschiera.design\/wp-content\/uploads\/2023\/12\/Chambre-enfant-3-L-1-1024x576.jpg\" alt=\"\" class=\"wp-image-723\" style=\"border-radius:10px\" srcset=\"https:\/\/leschiera.design\/wp-content\/uploads\/2023\/12\/Chambre-enfant-3-L-1-1024x576.jpg 1024w, https:\/\/leschiera.design\/wp-content\/uploads\/2023\/12\/Chambre-enfant-3-L-1-300x169.jpg 300w, https:\/\/leschiera.design\/wp-content\/uploads\/2023\/12\/Chambre-enfant-3-L-1-768x432.jpg 768w, https:\/\/leschiera.design\/wp-content\/uploads\/2023\/12\/Chambre-enfant-3-L-1-1536x864.jpg 1536w, https:\/\/leschiera.design\/wp-content\/uploads\/2023\/12\/Chambre-enfant-3-L-1.jpg 1920w\" sizes=\"(max-width: 1024px) 100vw, 1024px\" \/><\/a><\/figure>\n\n\n\n<figure class=\"wp-block-image size-large has-custom-border\"><a href=\"https:\/\/leschiera.design\/index.php\/realisations\/projet-home-staging-cuisine\/\" target=\"_blank\" rel=\"noreferrer noopener\"><img loading=\"lazy\" decoding=\"async\" width=\"1024\" height=\"576\" data-id=\"722\" src=\"https:\/\/leschiera.design\/wp-content\/uploads\/2023\/12\/Cuisine-2-L-1-1024x576.jpg\" alt=\"\" class=\"wp-image-722\" style=\"border-radius:10px\" srcset=\"https:\/\/leschiera.design\/wp-content\/uploads\/2023\/12\/Cuisine-2-L-1-1024x576.jpg 1024w, https:\/\/leschiera.design\/wp-content\/uploads\/2023\/12\/Cuisine-2-L-1-300x169.jpg 300w, https:\/\/leschiera.design\/wp-content\/uploads\/2023\/12\/Cuisine-2-L-1-768x432.jpg 768w, https:\/\/leschiera.design\/wp-content\/uploads\/2023\/12\/Cuisine-2-L-1-1536x864.jpg 1536w, https:\/\/leschiera.design\/wp-content\/uploads\/2023\/12\/Cuisine-2-L-1.jpg 1920w\" sizes=\"(max-width: 1024px) 100vw, 1024px\" \/><\/a><\/figure>\n\n\n\n<figure class=\"wp-block-image size-large has-custom-border\"><a href=\"https:\/\/leschiera.design\/index.php\/realisations\/projet-salle-de-bain-enfants\/\"><img loading=\"lazy\" decoding=\"async\" width=\"1024\" height=\"576\" data-id=\"1021\" src=\"https:\/\/leschiera.design\/wp-content\/uploads\/2024\/05\/SDB-enfant-3-L-1024x576.jpg\" alt=\"\" class=\"wp-image-1021\" style=\"border-radius:10px\" srcset=\"https:\/\/leschiera.design\/wp-content\/uploads\/2024\/05\/SDB-enfant-3-L-1024x576.jpg 1024w, https:\/\/leschiera.design\/wp-content\/uploads\/2024\/05\/SDB-enfant-3-L-300x169.jpg 300w, https:\/\/leschiera.design\/wp-content\/uploads\/2024\/05\/SDB-enfant-3-L-768x432.jpg 768w, https:\/\/leschiera.design\/wp-content\/uploads\/2024\/05\/SDB-enfant-3-L-1536x864.jpg 1536w, https:\/\/leschiera.design\/wp-content\/uploads\/2024\/05\/SDB-enfant-3-L.jpg 1920w\" sizes=\"(max-width: 1024px) 100vw, 1024px\" \/><\/a><\/figure>\n<\/figure>\n\n\n","protected":false},"excerpt":{"rendered":"<p>Voici quelques unes de mes r\u00e9alisationsPour chaque projet, d\u00e9couvrez les photos avant\/apr\u00e8s et familiarisez-vous avec ma fa\u00e7on de travailler ! Il ne vous reste plus qu&rsquo;\u00e0 cliquer !<\/p>\n","protected":false},"author":1,"featured_media":0,"parent":0,"menu_order":0,"comment_status":"closed","ping_status":"closed","template":"","meta":{"site-sidebar-layout":"default","site-content-layout":"","ast-site-content-layout":"default","site-content-style":"default","site-sidebar-style":"default","ast-global-header-display":"","ast-banner-title-visibility":"","ast-main-header-display":"","ast-hfb-above-header-display":"","ast-hfb-below-header-display":"","ast-hfb-mobile-header-display":"","site-post-title":"disabled","ast-breadcrumbs-content":"","ast-featured-img":"","footer-sml-layout":"","theme-transparent-header-meta":"","adv-header-id-meta":"","stick-header-meta":"","header-above-stick-meta":"","header-main-stick-meta":"","header-below-stick-meta":"","astra-migrate-meta-layouts":"set","ast-page-background-enabled":"default","ast-page-background-meta":{"desktop":{"background-color":"","background-image":"","background-repeat":"repeat","background-position":"center center","background-size":"auto","background-attachment":"scroll","background-type":"","background-media":"","overlay-type":"","overlay-color":"","overlay-gradient":""},"tablet":{"background-color":"","background-image":"","background-repeat":"repeat","background-position":"center center","background-size":"auto","background-attachment":"scroll","background-type":"","background-media":"","overlay-type":"","overlay-color":"","overlay-gradient":""},"mobile":{"background-color":"","background-image":"","background-repeat":"repeat","background-position":"center center","background-size":"auto","background-attachment":"scroll","background-type":"","background-media":"","overlay-type":"","overlay-color":"","overlay-gradient":""}},"ast-content-background-meta":{"desktop":{"background-color":"var(--ast-global-color-5)","background-image":"","background-repeat":"repeat","background-position":"center center","background-size":"auto","background-attachment":"scroll","background-type":"","background-media":"","overlay-type":"","overlay-color":"","overlay-gradient":""},"tablet":{"background-color":"var(--ast-global-color-5)","background-image":"","background-repeat":"repeat","background-position":"center center","background-size":"auto","background-attachment":"scroll","background-type":"","background-media":"","overlay-type":"","overlay-color":"","overlay-gradient":""},"mobile":{"background-color":"var(--ast-global-color-5)","background-image":"","background-repeat":"repeat","background-position":"center center","background-size":"auto","background-attachment":"scroll","background-type":"","background-media":"","overlay-type":"","overlay-color":"","overlay-gradient":""}},"footnotes":""},"class_list":["post-515","page","type-page","status-publish","hentry"],"_links":{"self":[{"href":"https:\/\/leschiera.design\/index.php\/wp-json\/wp\/v2\/pages\/515","targetHints":{"allow":["GET"]}}],"collection":[{"href":"https:\/\/leschiera.design\/index.php\/wp-json\/wp\/v2\/pages"}],"about":[{"href":"https:\/\/leschiera.design\/index.php\/wp-json\/wp\/v2\/types\/page"}],"author":[{"embeddable":true,"href":"https:\/\/leschiera.design\/index.php\/wp-json\/wp\/v2\/users\/1"}],"replies":[{"embeddable":true,"href":"https:\/\/leschiera.design\/index.php\/wp-json\/wp\/v2\/comments?post=515"}],"version-history":[{"count":24,"href":"https:\/\/leschiera.design\/index.php\/wp-json\/wp\/v2\/pages\/515\/revisions"}],"predecessor-version":[{"id":1068,"href":"https:\/\/leschiera.design\/index.php\/wp-json\/wp\/v2\/pages\/515\/revisions\/1068"}],"wp:attachment":[{"href":"https:\/\/leschiera.design\/index.php\/wp-json\/wp\/v2\/media?parent=515"}],"curies":[{"name":"wp","href":"https:\/\/api.w.org\/{rel}","templated":true}]}}