{"id":524,"date":"2023-12-01T09:10:10","date_gmt":"2023-12-01T08:10:10","guid":{"rendered":"https:\/\/leschiera.design\/?page_id=524"},"modified":"2024-05-25T16:03:15","modified_gmt":"2024-05-25T14:03:15","slug":"f-a-q","status":"publish","type":"page","link":"https:\/\/leschiera.design\/index.php\/f-a-q\/","title":{"rendered":"F.A.Q."},"content":{"rendered":"\n<p class=\"has-text-align-center has-ast-global-color-1-color has-text-color has-link-color wp-elements-d51ffab250355aa5594cb8c8c77fa6e5\" style=\"padding-top:var(--wp--preset--spacing--60);padding-bottom:var(--wp--preset--spacing--60);font-size:18px\"><strong>Vous avez des questions? La r\u00e9ponse est s\u00fbrement ci-dessous.<br>Sinon, n\u2019h\u00e9sitez pas \u00e0 me contacter !<\/strong><\/p>\n\n\n\n<details class=\"wp-block-details is-layout-flow wp-container-core-details-is-layout-22223934 wp-block-details-is-layout-flow\" style=\"font-size:16px\"><summary>Comment choisissez-vous le mobilier et la d\u00e9coration?<\/summary>\n<p><strong>Je choisis les \u00e9l\u00e9ments de votre nouvelle d\u00e9coration tout d\u2019abord en fonction des go\u00fbts que vous avez exprim\u00e9s pendant nos rencontres ainsi que de votre budget. Je me base aussi sur les tendances du moment que je suis activement. Ma mission est de rendre votre int\u00e9rieur esth\u00e9tique et harmonieux pour que vous vous y sentiez \u00e0 l\u2019aise!<\/strong><\/p>\n\n\n\n<p><\/p>\n<\/details>\n\n\n\n<details class=\"wp-block-details has-ast-global-color-7-color has-ast-global-color-5-background-color has-text-color has-background has-link-color wp-elements-0c00e5b8b7368cb709bee97e6ca82087 is-layout-flow wp-container-core-details-is-layout-22223934 wp-block-details-is-layout-flow\" style=\"border-style:none;border-width:0px;font-size:16px;font-style:normal;font-weight:100;line-height:1.5\"><summary>Qu&rsquo;est ce qu&rsquo;une planche tendances (Coaching D\u00e9co)?<\/summary>\n<p class=\"has-ast-global-color-7-color has-text-color has-link-color wp-elements-b2c2ea8f25c21b00b0df15f4e3caa48c\" style=\"font-size:16px\"><strong>Une planche tendances, aussi appel\u00e9e \u00ab\u00a0Moodboard\u00a0\u00bb, est un collage visuel compos\u00e9 d&rsquo;images, d\u2019\u00e9chantillons de couleurs, de textures. Elle est utilis\u00e9e pour rassembler et repr\u00e9senter visuellement des id\u00e9es afin de d\u00e9finir une ambiance, un style ou un concept. <\/strong><strong>Elle permet de refl\u00e9ter l\u2019esprit g\u00e9n\u00e9ral de votre futur am\u00e9nagement.<\/strong><\/p>\n\n\n\n<p><\/p>\n<\/details>\n\n\n\n<details class=\"wp-block-details is-layout-flow wp-container-core-details-is-layout-22223934 wp-block-details-is-layout-flow\" style=\"font-size:16px\"><summary>Qu&rsquo;est ce qu&rsquo;un plan d&rsquo;am\u00e9nagement 2D et un rendu 3D (Formule Design)?<\/summary>\n<p><strong>Le plan d\u2019am\u00e9nagement&nbsp;2D correspond \u00e0 la repr\u00e9sentation de la ou des pi\u00e8ces \u00e0 r\u00e9nover, vu de dessus. Cela permet d\u2019appr\u00e9cier la disposition g\u00e9n\u00e9rale et les axes de circulation pour v\u00e9rifier que tout est fonctionnel.<br>Le rendu 3D&nbsp;est une image r\u00e9aliste g\u00e9n\u00e9r\u00e9e \u00e0 partir des outils que j\u2019utilise et qui vous sera transmise pour vous projeter dans votre nouvelle d\u00e9coration.<\/strong><\/p>\n\n\n\n<p><\/p>\n<\/details>\n\n\n\n<details class=\"wp-block-details is-layout-flow wp-container-core-details-is-layout-22223934 wp-block-details-is-layout-flow\" style=\"font-size:16px\"><summary>Le premier RDV me sera-t-il factur\u00e9 (Formule Design)?<\/summary>\n<p><strong>Le premier RDV ainsi que l\u2019entretien t\u00e9l\u00e9phonique le pr\u00e9c\u00e9dant sont totalement gratuits.<br>Si le devis remis suite \u00e0 cette rencontre ne vous convenait pas, vous n\u2019avez aucune obligation envers Leschiera Design.<br>N\u2019h\u00e9sitez toutefois pas \u00e0 me faire un retour, chaque appr\u00e9ciation sera utile et constructive !<\/strong><\/p>\n\n\n\n<p><\/p>\n<\/details>\n\n\n\n<details class=\"wp-block-details is-layout-flow wp-container-core-details-is-layout-22223934 wp-block-details-is-layout-flow\" style=\"font-size:16px\"><summary>Que se passe-t-il si je n&rsquo;aime pas votre r\u00e9alisation (Formule Design)?<\/summary>\n<p><strong>Nous prenons du temps pour r\u00e9fl\u00e9chir ensemble \u00e0 tous les aspects de votre projet en amont (go\u00fbts et aversions, budget, inspirations,\u2026). Il est tr\u00e8s important que vous n\u2019ayiez plus d\u2019h\u00e9sitations au moment de la signature du cahier des charges.<br>Si toutefois le rendu final ne convenait pas, je peux effectuer quelques modifications (dans la limite du raisonnable) pour vous satisfaire pleinement. <\/strong>&nbsp;&nbsp;<\/p>\n\n\n\n<p><\/p>\n<\/details>\n\n\n\n<details class=\"wp-block-details is-layout-flow wp-container-core-details-is-layout-22223934 wp-block-details-is-layout-flow\" style=\"font-size:16px\"><summary>Comment se passe la suite du projet (Formule Design et Coaching D\u00e9co)?<\/summary>\n<p><strong>Une fois que je vous aurai remis mes propositions d\u2019am\u00e9nagement et de d\u00e9coration, les cartes seront entre vos mains! Vous pourrez faire appel \u00e0 des artisans (si je le peux, je n\u2019h\u00e9siterai pas \u00e0 vous en recommander) ou faire vous-m\u00eame les travaux. Je n\u2019interviens qu\u2019en tant que conseill\u00e8re d\u00e9co!<\/strong><\/p>\n\n\n\n<p><\/p>\n<\/details>\n\n\n\n<details class=\"wp-block-details is-layout-flow wp-container-core-details-is-layout-22223934 wp-block-details-is-layout-flow\" style=\"font-size:16px\"><summary>Sur quelles communes intervenez-vous?<\/summary>\n<p><strong>J&rsquo;interviens physiquement dans toutes les communes alentours de Bordeaux telles que Ambar\u00e8s-et-Lagrave, Amb\u00e8s, Artigues-pr\u00e8s-Bordeaux, Bassens, Baurech, B\u00e8gles, Beychac-et-Caillau, Blanquefort, Bonnetan, Bordeaux, Bouliac, Bruges, Camarsac, Cambes, Camblanes-et-Meynac, Carbon-Blanc, Carignan de Bordeaux, C\u00e9nac, Cenon, Cr\u00e9on, Croignon, Cursan, Eysines, Fargues-Saint-Hilaire, Floirac, Gradignan, Le Bouscat, Le Haillan, Le Pout, Le Taillan-M\u00e9doc, Latresne, Lignan-de-Bordeaux, Lormont, Loupes, Madirac, Martignas-sur-Jalle, Montussan, M\u00e9rignac, Parempuyre, Pessac, Pompignac, Quinsac, Sadirac, Saint-Aubin de M\u00e9doc, Saint-Caprais-de-Bordeaux, Sainte-Eulalie, Saint-Gen\u00e8s-de-Lombaud, Saint-Loub\u00e8s, Saint-Louis-de-Montferrand, Saint-M\u00e9dard-en-Jalles, Saint-Sulpice-et-Cameyrac, Saint-Vincent-de-Paul, Salleb\u0153uf, Talence, Tresses, Villenave d&rsquo;Ornon, Yvrac &#8230;<\/strong><\/p>\n\n\n\n<p><\/p>\n<\/details>\n\n\n\n<details class=\"wp-block-details is-layout-flow wp-container-core-details-is-layout-22223934 wp-block-details-is-layout-flow\" style=\"font-size:16px\"><summary>Intervenez-vous sur des projets \u00e0 distance (autres r\u00e9gions)?<\/summary>\n<p><strong>Mes prestations Design et Immobilier peuvent-\u00eatre adapt\u00e9es si vous habitez\/travaillez \u00e0 distance! Les \u00e9changes se feront alors par email ou t\u00e9l\u00e9phone et il faudra me fournir des photos de l\u2019existant et des cotes pr\u00e9cises pour me permettre d\u2019\u00e9tablir les plans d\u2019am\u00e9nagement et les rendus 3D. N\u2019h\u00e9sitez pas !<\/strong><\/p>\n\n\n\n<p><\/p>\n<\/details>\n\n\n","protected":false},"excerpt":{"rendered":"<p>Vous avez des questions? La r\u00e9ponse est s\u00fbrement ci-dessous.Sinon, n\u2019h\u00e9sitez pas \u00e0 me contacter !<\/p>\n","protected":false},"author":1,"featured_media":0,"parent":0,"menu_order":0,"comment_status":"closed","ping_status":"closed","template":"","meta":{"site-sidebar-layout":"default","site-content-layout":"","ast-site-content-layout":"default","site-content-style":"default","site-sidebar-style":"default","ast-global-header-display":"","ast-banner-title-visibility":"","ast-main-header-display":"","ast-hfb-above-header-display":"","ast-hfb-below-header-display":"","ast-hfb-mobile-header-display":"","site-post-title":"disabled","ast-breadcrumbs-content":"","ast-featured-img":"","footer-sml-layout":"","theme-transparent-header-meta":"","adv-header-id-meta":"","stick-header-meta":"","header-above-stick-meta":"","header-main-stick-meta":"","header-below-stick-meta":"","astra-migrate-meta-layouts":"set","ast-page-background-enabled":"default","ast-page-background-meta":{"desktop":{"background-color":"","background-image":"","background-repeat":"repeat","background-position":"center center","background-size":"auto","background-attachment":"scroll","background-type":"","background-media":"","overlay-type":"","overlay-color":"","overlay-gradient":""},"tablet":{"background-color":"","background-image":"","background-repeat":"repeat","background-position":"center center","background-size":"auto","background-attachment":"scroll","background-type":"","background-media":"","overlay-type":"","overlay-color":"","overlay-gradient":""},"mobile":{"background-color":"","background-image":"","background-repeat":"repeat","background-position":"center center","background-size":"auto","background-attachment":"scroll","background-type":"","background-media":"","overlay-type":"","overlay-color":"","overlay-gradient":""}},"ast-content-background-meta":{"desktop":{"background-color":"var(--ast-global-color-5)","background-image":"","background-repeat":"repeat","background-position":"center center","background-size":"auto","background-attachment":"scroll","background-type":"","background-media":"","overlay-type":"","overlay-color":"","overlay-gradient":""},"tablet":{"background-color":"var(--ast-global-color-5)","background-image":"","background-repeat":"repeat","background-position":"center center","background-size":"auto","background-attachment":"scroll","background-type":"","background-media":"","overlay-type":"","overlay-color":"","overlay-gradient":""},"mobile":{"background-color":"var(--ast-global-color-5)","background-image":"","background-repeat":"repeat","background-position":"center center","background-size":"auto","background-attachment":"scroll","background-type":"","background-media":"","overlay-type":"","overlay-color":"","overlay-gradient":""}},"footnotes":""},"class_list":["post-524","page","type-page","status-publish","hentry"],"_links":{"self":[{"href":"https:\/\/leschiera.design\/index.php\/wp-json\/wp\/v2\/pages\/524","targetHints":{"allow":["GET"]}}],"collection":[{"href":"https:\/\/leschiera.design\/index.php\/wp-json\/wp\/v2\/pages"}],"about":[{"href":"https:\/\/leschiera.design\/index.php\/wp-json\/wp\/v2\/types\/page"}],"author":[{"embeddable":true,"href":"https:\/\/leschiera.design\/index.php\/wp-json\/wp\/v2\/users\/1"}],"replies":[{"embeddable":true,"href":"https:\/\/leschiera.design\/index.php\/wp-json\/wp\/v2\/comments?post=524"}],"version-history":[{"count":21,"href":"https:\/\/leschiera.design\/index.php\/wp-json\/wp\/v2\/pages\/524\/revisions"}],"predecessor-version":[{"id":1102,"href":"https:\/\/leschiera.design\/index.php\/wp-json\/wp\/v2\/pages\/524\/revisions\/1102"}],"wp:attachment":[{"href":"https:\/\/leschiera.design\/index.php\/wp-json\/wp\/v2\/media?parent=524"}],"curies":[{"name":"wp","href":"https:\/\/api.w.org\/{rel}","templated":true}]}}