{"id":702,"date":"2023-12-01T11:35:54","date_gmt":"2023-12-01T10:35:54","guid":{"rendered":"https:\/\/leschiera.design\/?page_id=702"},"modified":"2023-12-14T14:20:59","modified_gmt":"2023-12-14T13:20:59","slug":"projet-chambre-damis","status":"publish","type":"page","link":"https:\/\/leschiera.design\/index.php\/realisations\/projet-chambre-damis\/","title":{"rendered":"Projet Chambre d&rsquo;Amis"},"content":{"rendered":"\n<p class=\"has-text-align-center\" style=\"font-size:16px\"><strong>Chambre de 12 m2 \u00e0 relooker:<\/strong><br>Pi\u00e8ce \u00e0 r\u00e9nover et \u00e0 moderniser pour en faire une chambre d\u2019amis accueillante et confortable.<\/p>\n\n\n\n<h2 class=\"wp-block-heading\" style=\"margin-top:var(--wp--preset--spacing--60);margin-bottom:var(--wp--preset--spacing--60);font-size:35px;font-style:normal;font-weight:100\">Avant Projet<\/h2>\n\n\n\n<figure class=\"wp-block-gallery has-nested-images columns-default is-cropped wp-block-gallery-1 is-layout-flex wp-block-gallery-is-layout-flex\">\n<figure data-wp-context=\"{&quot;imageId&quot;:&quot;69e79308c3392&quot;}\" data-wp-interactive=\"core\/image\" data-wp-key=\"69e79308c3392\" class=\"wp-block-image size-large has-custom-border wp-lightbox-container\"><img fetchpriority=\"high\" decoding=\"async\" width=\"1024\" height=\"768\" data-wp-class--hide=\"state.isContentHidden\" data-wp-class--show=\"state.isContentVisible\" data-wp-init=\"callbacks.setButtonStyles\" data-wp-on--click=\"actions.showLightbox\" data-wp-on--load=\"callbacks.setButtonStyles\" data-wp-on-window--resize=\"callbacks.setButtonStyles\" data-id=\"826\" src=\"https:\/\/leschiera.design\/wp-content\/uploads\/2023\/12\/Chambre-damis-6-1024x768.jpg\" alt=\"\" class=\"wp-image-826\" style=\"border-radius:10px\" srcset=\"https:\/\/leschiera.design\/wp-content\/uploads\/2023\/12\/Chambre-damis-6-1024x768.jpg 1024w, https:\/\/leschiera.design\/wp-content\/uploads\/2023\/12\/Chambre-damis-6-300x225.jpg 300w, https:\/\/leschiera.design\/wp-content\/uploads\/2023\/12\/Chambre-damis-6-768x576.jpg 768w, https:\/\/leschiera.design\/wp-content\/uploads\/2023\/12\/Chambre-damis-6-1536x1152.jpg 1536w, https:\/\/leschiera.design\/wp-content\/uploads\/2023\/12\/Chambre-damis-6.jpg 1600w\" sizes=\"(max-width: 1024px) 100vw, 1024px\" \/><button\n\t\t\tclass=\"lightbox-trigger\"\n\t\t\ttype=\"button\"\n\t\t\taria-haspopup=\"dialog\"\n\t\t\taria-label=\"Agrandir\"\n\t\t\tdata-wp-init=\"callbacks.initTriggerButton\"\n\t\t\tdata-wp-on--click=\"actions.showLightbox\"\n\t\t\tdata-wp-style--right=\"state.imageButtonRight\"\n\t\t\tdata-wp-style--top=\"state.imageButtonTop\"\n\t\t>\n\t\t\t<svg xmlns=\"http:\/\/www.w3.org\/2000\/svg\" width=\"12\" height=\"12\" fill=\"none\" viewBox=\"0 0 12 12\">\n\t\t\t\t<path fill=\"#fff\" d=\"M2 0a2 2 0 0 0-2 2v2h1.5V2a.5.5 0 0 1 .5-.5h2V0H2Zm2 10.5H2a.5.5 0 0 1-.5-.5V8H0v2a2 2 0 0 0 2 2h2v-1.5ZM8 12v-1.5h2a.5.5 0 0 0 .5-.5V8H12v2a2 2 0 0 1-2 2H8Zm2-12a2 2 0 0 1 2 2v2h-1.5V2a.5.5 0 0 0-.5-.5H8V0h2Z\" \/>\n\t\t\t<\/svg>\n\t\t<\/button><\/figure>\n\n\n\n<figure data-wp-context=\"{&quot;imageId&quot;:&quot;69e79308c37ed&quot;}\" data-wp-interactive=\"core\/image\" data-wp-key=\"69e79308c37ed\" class=\"wp-block-image size-large has-custom-border wp-lightbox-container\"><img decoding=\"async\" width=\"1024\" height=\"768\" data-wp-class--hide=\"state.isContentHidden\" data-wp-class--show=\"state.isContentVisible\" data-wp-init=\"callbacks.setButtonStyles\" data-wp-on--click=\"actions.showLightbox\" data-wp-on--load=\"callbacks.setButtonStyles\" data-wp-on-window--resize=\"callbacks.setButtonStyles\" data-id=\"825\" src=\"https:\/\/leschiera.design\/wp-content\/uploads\/2023\/12\/Chambre-damis-5-1024x768.jpg\" alt=\"\" class=\"wp-image-825\" style=\"border-radius:10px\" srcset=\"https:\/\/leschiera.design\/wp-content\/uploads\/2023\/12\/Chambre-damis-5-1024x768.jpg 1024w, https:\/\/leschiera.design\/wp-content\/uploads\/2023\/12\/Chambre-damis-5-300x225.jpg 300w, https:\/\/leschiera.design\/wp-content\/uploads\/2023\/12\/Chambre-damis-5-768x576.jpg 768w, https:\/\/leschiera.design\/wp-content\/uploads\/2023\/12\/Chambre-damis-5-1536x1152.jpg 1536w, https:\/\/leschiera.design\/wp-content\/uploads\/2023\/12\/Chambre-damis-5.jpg 1600w\" sizes=\"(max-width: 1024px) 100vw, 1024px\" \/><button\n\t\t\tclass=\"lightbox-trigger\"\n\t\t\ttype=\"button\"\n\t\t\taria-haspopup=\"dialog\"\n\t\t\taria-label=\"Agrandir\"\n\t\t\tdata-wp-init=\"callbacks.initTriggerButton\"\n\t\t\tdata-wp-on--click=\"actions.showLightbox\"\n\t\t\tdata-wp-style--right=\"state.imageButtonRight\"\n\t\t\tdata-wp-style--top=\"state.imageButtonTop\"\n\t\t>\n\t\t\t<svg xmlns=\"http:\/\/www.w3.org\/2000\/svg\" width=\"12\" height=\"12\" fill=\"none\" viewBox=\"0 0 12 12\">\n\t\t\t\t<path fill=\"#fff\" d=\"M2 0a2 2 0 0 0-2 2v2h1.5V2a.5.5 0 0 1 .5-.5h2V0H2Zm2 10.5H2a.5.5 0 0 1-.5-.5V8H0v2a2 2 0 0 0 2 2h2v-1.5ZM8 12v-1.5h2a.5.5 0 0 0 .5-.5V8H12v2a2 2 0 0 1-2 2H8Zm2-12a2 2 0 0 1 2 2v2h-1.5V2a.5.5 0 0 0-.5-.5H8V0h2Z\" \/>\n\t\t\t<\/svg>\n\t\t<\/button><\/figure>\n<\/figure>\n\n\n\n<figure data-wp-context=\"{&quot;imageId&quot;:&quot;69e79308c3cbf&quot;}\" data-wp-interactive=\"core\/image\" data-wp-key=\"69e79308c3cbf\" class=\"wp-block-image aligncenter size-large is-resized has-custom-border wp-lightbox-container\"><img decoding=\"async\" width=\"768\" height=\"1024\" data-wp-class--hide=\"state.isContentHidden\" data-wp-class--show=\"state.isContentVisible\" data-wp-init=\"callbacks.setButtonStyles\" data-wp-on--click=\"actions.showLightbox\" data-wp-on--load=\"callbacks.setButtonStyles\" data-wp-on-window--resize=\"callbacks.setButtonStyles\" src=\"https:\/\/leschiera.design\/wp-content\/uploads\/2023\/12\/Chambre-damis-4-768x1024.jpg\" alt=\"\" class=\"wp-image-824\" style=\"border-radius:10px;width:409px;height:auto\" srcset=\"https:\/\/leschiera.design\/wp-content\/uploads\/2023\/12\/Chambre-damis-4-768x1024.jpg 768w, https:\/\/leschiera.design\/wp-content\/uploads\/2023\/12\/Chambre-damis-4-225x300.jpg 225w, https:\/\/leschiera.design\/wp-content\/uploads\/2023\/12\/Chambre-damis-4-1152x1536.jpg 1152w, https:\/\/leschiera.design\/wp-content\/uploads\/2023\/12\/Chambre-damis-4-1536x2048.jpg 1536w, https:\/\/leschiera.design\/wp-content\/uploads\/2023\/12\/Chambre-damis-4-scaled.jpg 1920w\" sizes=\"(max-width: 768px) 100vw, 768px\" \/><button\n\t\t\tclass=\"lightbox-trigger\"\n\t\t\ttype=\"button\"\n\t\t\taria-haspopup=\"dialog\"\n\t\t\taria-label=\"Agrandir\"\n\t\t\tdata-wp-init=\"callbacks.initTriggerButton\"\n\t\t\tdata-wp-on--click=\"actions.showLightbox\"\n\t\t\tdata-wp-style--right=\"state.imageButtonRight\"\n\t\t\tdata-wp-style--top=\"state.imageButtonTop\"\n\t\t>\n\t\t\t<svg xmlns=\"http:\/\/www.w3.org\/2000\/svg\" width=\"12\" height=\"12\" fill=\"none\" viewBox=\"0 0 12 12\">\n\t\t\t\t<path fill=\"#fff\" d=\"M2 0a2 2 0 0 0-2 2v2h1.5V2a.5.5 0 0 1 .5-.5h2V0H2Zm2 10.5H2a.5.5 0 0 1-.5-.5V8H0v2a2 2 0 0 0 2 2h2v-1.5ZM8 12v-1.5h2a.5.5 0 0 0 .5-.5V8H12v2a2 2 0 0 1-2 2H8Zm2-12a2 2 0 0 1 2 2v2h-1.5V2a.5.5 0 0 0-.5-.5H8V0h2Z\" \/>\n\t\t\t<\/svg>\n\t\t<\/button><\/figure>\n\n\n\n<h2 class=\"wp-block-heading\" style=\"margin-top:var(--wp--preset--spacing--60);margin-bottom:var(--wp--preset--spacing--60);font-size:35px;font-style:normal;font-weight:100\">Apr\u00e8s Projet<\/h2>\n\n\n\n<figure data-wp-context=\"{&quot;imageId&quot;:&quot;69e79308c4119&quot;}\" data-wp-interactive=\"core\/image\" data-wp-key=\"69e79308c4119\" class=\"wp-block-image size-large has-custom-border wp-lightbox-container\"><img loading=\"lazy\" decoding=\"async\" width=\"1024\" height=\"576\" data-wp-class--hide=\"state.isContentHidden\" data-wp-class--show=\"state.isContentVisible\" data-wp-init=\"callbacks.setButtonStyles\" data-wp-on--click=\"actions.showLightbox\" data-wp-on--load=\"callbacks.setButtonStyles\" data-wp-on-window--resize=\"callbacks.setButtonStyles\" src=\"https:\/\/leschiera.design\/wp-content\/uploads\/2023\/12\/Chambre-amis-4K-L-1-1024x576.jpg\" alt=\"\" class=\"wp-image-831\" style=\"border-radius:10px\" srcset=\"https:\/\/leschiera.design\/wp-content\/uploads\/2023\/12\/Chambre-amis-4K-L-1-1024x576.jpg 1024w, https:\/\/leschiera.design\/wp-content\/uploads\/2023\/12\/Chambre-amis-4K-L-1-300x169.jpg 300w, https:\/\/leschiera.design\/wp-content\/uploads\/2023\/12\/Chambre-amis-4K-L-1-768x432.jpg 768w, https:\/\/leschiera.design\/wp-content\/uploads\/2023\/12\/Chambre-amis-4K-L-1-1536x864.jpg 1536w, https:\/\/leschiera.design\/wp-content\/uploads\/2023\/12\/Chambre-amis-4K-L-1-2048x1152.jpg 2048w\" sizes=\"(max-width: 1024px) 100vw, 1024px\" \/><button\n\t\t\tclass=\"lightbox-trigger\"\n\t\t\ttype=\"button\"\n\t\t\taria-haspopup=\"dialog\"\n\t\t\taria-label=\"Agrandir\"\n\t\t\tdata-wp-init=\"callbacks.initTriggerButton\"\n\t\t\tdata-wp-on--click=\"actions.showLightbox\"\n\t\t\tdata-wp-style--right=\"state.imageButtonRight\"\n\t\t\tdata-wp-style--top=\"state.imageButtonTop\"\n\t\t>\n\t\t\t<svg xmlns=\"http:\/\/www.w3.org\/2000\/svg\" width=\"12\" height=\"12\" fill=\"none\" viewBox=\"0 0 12 12\">\n\t\t\t\t<path fill=\"#fff\" d=\"M2 0a2 2 0 0 0-2 2v2h1.5V2a.5.5 0 0 1 .5-.5h2V0H2Zm2 10.5H2a.5.5 0 0 1-.5-.5V8H0v2a2 2 0 0 0 2 2h2v-1.5ZM8 12v-1.5h2a.5.5 0 0 0 .5-.5V8H12v2a2 2 0 0 1-2 2H8Zm2-12a2 2 0 0 1 2 2v2h-1.5V2a.5.5 0 0 0-.5-.5H8V0h2Z\" \/>\n\t\t\t<\/svg>\n\t\t<\/button><\/figure>\n\n\n\n<figure class=\"wp-block-gallery has-nested-images columns-default is-cropped wp-block-gallery-2 is-layout-flex wp-block-gallery-is-layout-flex\">\n<figure data-wp-context=\"{&quot;imageId&quot;:&quot;69e79308c456e&quot;}\" data-wp-interactive=\"core\/image\" data-wp-key=\"69e79308c456e\" class=\"wp-block-image size-large has-custom-border wp-lightbox-container\"><img loading=\"lazy\" decoding=\"async\" width=\"1024\" height=\"576\" data-wp-class--hide=\"state.isContentHidden\" data-wp-class--show=\"state.isContentVisible\" data-wp-init=\"callbacks.setButtonStyles\" data-wp-on--click=\"actions.showLightbox\" data-wp-on--load=\"callbacks.setButtonStyles\" data-wp-on-window--resize=\"callbacks.setButtonStyles\" data-id=\"828\" src=\"https:\/\/leschiera.design\/wp-content\/uploads\/2023\/12\/Chambre-amis-2-L-1024x576.jpg\" alt=\"\" class=\"wp-image-828\" style=\"border-radius:10px\" srcset=\"https:\/\/leschiera.design\/wp-content\/uploads\/2023\/12\/Chambre-amis-2-L-1024x576.jpg 1024w, https:\/\/leschiera.design\/wp-content\/uploads\/2023\/12\/Chambre-amis-2-L-300x169.jpg 300w, https:\/\/leschiera.design\/wp-content\/uploads\/2023\/12\/Chambre-amis-2-L-768x432.jpg 768w, https:\/\/leschiera.design\/wp-content\/uploads\/2023\/12\/Chambre-amis-2-L-1536x864.jpg 1536w, https:\/\/leschiera.design\/wp-content\/uploads\/2023\/12\/Chambre-amis-2-L.jpg 1920w\" sizes=\"(max-width: 1024px) 100vw, 1024px\" \/><button\n\t\t\tclass=\"lightbox-trigger\"\n\t\t\ttype=\"button\"\n\t\t\taria-haspopup=\"dialog\"\n\t\t\taria-label=\"Agrandir\"\n\t\t\tdata-wp-init=\"callbacks.initTriggerButton\"\n\t\t\tdata-wp-on--click=\"actions.showLightbox\"\n\t\t\tdata-wp-style--right=\"state.imageButtonRight\"\n\t\t\tdata-wp-style--top=\"state.imageButtonTop\"\n\t\t>\n\t\t\t<svg xmlns=\"http:\/\/www.w3.org\/2000\/svg\" width=\"12\" height=\"12\" fill=\"none\" viewBox=\"0 0 12 12\">\n\t\t\t\t<path fill=\"#fff\" d=\"M2 0a2 2 0 0 0-2 2v2h1.5V2a.5.5 0 0 1 .5-.5h2V0H2Zm2 10.5H2a.5.5 0 0 1-.5-.5V8H0v2a2 2 0 0 0 2 2h2v-1.5ZM8 12v-1.5h2a.5.5 0 0 0 .5-.5V8H12v2a2 2 0 0 1-2 2H8Zm2-12a2 2 0 0 1 2 2v2h-1.5V2a.5.5 0 0 0-.5-.5H8V0h2Z\" \/>\n\t\t\t<\/svg>\n\t\t<\/button><\/figure>\n\n\n\n<figure data-wp-context=\"{&quot;imageId&quot;:&quot;69e79308c4958&quot;}\" data-wp-interactive=\"core\/image\" data-wp-key=\"69e79308c4958\" class=\"wp-block-image size-large has-custom-border wp-lightbox-container\"><img loading=\"lazy\" decoding=\"async\" width=\"1024\" height=\"576\" data-wp-class--hide=\"state.isContentHidden\" data-wp-class--show=\"state.isContentVisible\" data-wp-init=\"callbacks.setButtonStyles\" data-wp-on--click=\"actions.showLightbox\" data-wp-on--load=\"callbacks.setButtonStyles\" data-wp-on-window--resize=\"callbacks.setButtonStyles\" data-id=\"827\" src=\"https:\/\/leschiera.design\/wp-content\/uploads\/2023\/12\/Chambre-amis-1-L-1024x576.jpg\" alt=\"\" class=\"wp-image-827\" style=\"border-radius:10px\" srcset=\"https:\/\/leschiera.design\/wp-content\/uploads\/2023\/12\/Chambre-amis-1-L-1024x576.jpg 1024w, https:\/\/leschiera.design\/wp-content\/uploads\/2023\/12\/Chambre-amis-1-L-300x169.jpg 300w, https:\/\/leschiera.design\/wp-content\/uploads\/2023\/12\/Chambre-amis-1-L-768x432.jpg 768w, https:\/\/leschiera.design\/wp-content\/uploads\/2023\/12\/Chambre-amis-1-L-1536x864.jpg 1536w, https:\/\/leschiera.design\/wp-content\/uploads\/2023\/12\/Chambre-amis-1-L.jpg 1920w\" sizes=\"(max-width: 1024px) 100vw, 1024px\" \/><button\n\t\t\tclass=\"lightbox-trigger\"\n\t\t\ttype=\"button\"\n\t\t\taria-haspopup=\"dialog\"\n\t\t\taria-label=\"Agrandir\"\n\t\t\tdata-wp-init=\"callbacks.initTriggerButton\"\n\t\t\tdata-wp-on--click=\"actions.showLightbox\"\n\t\t\tdata-wp-style--right=\"state.imageButtonRight\"\n\t\t\tdata-wp-style--top=\"state.imageButtonTop\"\n\t\t>\n\t\t\t<svg xmlns=\"http:\/\/www.w3.org\/2000\/svg\" width=\"12\" height=\"12\" fill=\"none\" viewBox=\"0 0 12 12\">\n\t\t\t\t<path fill=\"#fff\" d=\"M2 0a2 2 0 0 0-2 2v2h1.5V2a.5.5 0 0 1 .5-.5h2V0H2Zm2 10.5H2a.5.5 0 0 1-.5-.5V8H0v2a2 2 0 0 0 2 2h2v-1.5ZM8 12v-1.5h2a.5.5 0 0 0 .5-.5V8H12v2a2 2 0 0 1-2 2H8Zm2-12a2 2 0 0 1 2 2v2h-1.5V2a.5.5 0 0 0-.5-.5H8V0h2Z\" \/>\n\t\t\t<\/svg>\n\t\t<\/button><\/figure>\n\n\n\n<figure data-wp-context=\"{&quot;imageId&quot;:&quot;69e79308c4e0c&quot;}\" data-wp-interactive=\"core\/image\" data-wp-key=\"69e79308c4e0c\" class=\"wp-block-image size-large has-custom-border wp-lightbox-container\"><img loading=\"lazy\" decoding=\"async\" width=\"1024\" height=\"576\" data-wp-class--hide=\"state.isContentHidden\" data-wp-class--show=\"state.isContentVisible\" data-wp-init=\"callbacks.setButtonStyles\" data-wp-on--click=\"actions.showLightbox\" data-wp-on--load=\"callbacks.setButtonStyles\" data-wp-on-window--resize=\"callbacks.setButtonStyles\" data-id=\"829\" src=\"https:\/\/leschiera.design\/wp-content\/uploads\/2023\/12\/Chambre-amis-3-L-1024x576.jpg\" alt=\"\" class=\"wp-image-829\" style=\"border-radius:10px\" srcset=\"https:\/\/leschiera.design\/wp-content\/uploads\/2023\/12\/Chambre-amis-3-L-1024x576.jpg 1024w, https:\/\/leschiera.design\/wp-content\/uploads\/2023\/12\/Chambre-amis-3-L-300x169.jpg 300w, https:\/\/leschiera.design\/wp-content\/uploads\/2023\/12\/Chambre-amis-3-L-768x432.jpg 768w, https:\/\/leschiera.design\/wp-content\/uploads\/2023\/12\/Chambre-amis-3-L-1536x864.jpg 1536w, https:\/\/leschiera.design\/wp-content\/uploads\/2023\/12\/Chambre-amis-3-L.jpg 1920w\" sizes=\"(max-width: 1024px) 100vw, 1024px\" \/><button\n\t\t\tclass=\"lightbox-trigger\"\n\t\t\ttype=\"button\"\n\t\t\taria-haspopup=\"dialog\"\n\t\t\taria-label=\"Agrandir\"\n\t\t\tdata-wp-init=\"callbacks.initTriggerButton\"\n\t\t\tdata-wp-on--click=\"actions.showLightbox\"\n\t\t\tdata-wp-style--right=\"state.imageButtonRight\"\n\t\t\tdata-wp-style--top=\"state.imageButtonTop\"\n\t\t>\n\t\t\t<svg xmlns=\"http:\/\/www.w3.org\/2000\/svg\" width=\"12\" height=\"12\" fill=\"none\" viewBox=\"0 0 12 12\">\n\t\t\t\t<path fill=\"#fff\" d=\"M2 0a2 2 0 0 0-2 2v2h1.5V2a.5.5 0 0 1 .5-.5h2V0H2Zm2 10.5H2a.5.5 0 0 1-.5-.5V8H0v2a2 2 0 0 0 2 2h2v-1.5ZM8 12v-1.5h2a.5.5 0 0 0 .5-.5V8H12v2a2 2 0 0 1-2 2H8Zm2-12a2 2 0 0 1 2 2v2h-1.5V2a.5.5 0 0 0-.5-.5H8V0h2Z\" \/>\n\t\t\t<\/svg>\n\t\t<\/button><\/figure>\n\n\n\n<figure data-wp-context=\"{&quot;imageId&quot;:&quot;69e79308c5352&quot;}\" data-wp-interactive=\"core\/image\" data-wp-key=\"69e79308c5352\" class=\"wp-block-image size-large has-custom-border wp-lightbox-container\"><img loading=\"lazy\" decoding=\"async\" width=\"1024\" height=\"576\" data-wp-class--hide=\"state.isContentHidden\" data-wp-class--show=\"state.isContentVisible\" data-wp-init=\"callbacks.setButtonStyles\" data-wp-on--click=\"actions.showLightbox\" data-wp-on--load=\"callbacks.setButtonStyles\" data-wp-on-window--resize=\"callbacks.setButtonStyles\" data-id=\"830\" src=\"https:\/\/leschiera.design\/wp-content\/uploads\/2023\/12\/Chambre-amis-5-L-1024x576.jpg\" alt=\"\" class=\"wp-image-830\" style=\"border-radius:10px\" srcset=\"https:\/\/leschiera.design\/wp-content\/uploads\/2023\/12\/Chambre-amis-5-L-1024x576.jpg 1024w, https:\/\/leschiera.design\/wp-content\/uploads\/2023\/12\/Chambre-amis-5-L-300x169.jpg 300w, https:\/\/leschiera.design\/wp-content\/uploads\/2023\/12\/Chambre-amis-5-L-768x432.jpg 768w, https:\/\/leschiera.design\/wp-content\/uploads\/2023\/12\/Chambre-amis-5-L-1536x864.jpg 1536w, https:\/\/leschiera.design\/wp-content\/uploads\/2023\/12\/Chambre-amis-5-L.jpg 1920w\" sizes=\"(max-width: 1024px) 100vw, 1024px\" \/><button\n\t\t\tclass=\"lightbox-trigger\"\n\t\t\ttype=\"button\"\n\t\t\taria-haspopup=\"dialog\"\n\t\t\taria-label=\"Agrandir\"\n\t\t\tdata-wp-init=\"callbacks.initTriggerButton\"\n\t\t\tdata-wp-on--click=\"actions.showLightbox\"\n\t\t\tdata-wp-style--right=\"state.imageButtonRight\"\n\t\t\tdata-wp-style--top=\"state.imageButtonTop\"\n\t\t>\n\t\t\t<svg xmlns=\"http:\/\/www.w3.org\/2000\/svg\" width=\"12\" height=\"12\" fill=\"none\" viewBox=\"0 0 12 12\">\n\t\t\t\t<path fill=\"#fff\" d=\"M2 0a2 2 0 0 0-2 2v2h1.5V2a.5.5 0 0 1 .5-.5h2V0H2Zm2 10.5H2a.5.5 0 0 1-.5-.5V8H0v2a2 2 0 0 0 2 2h2v-1.5ZM8 12v-1.5h2a.5.5 0 0 0 .5-.5V8H12v2a2 2 0 0 1-2 2H8Zm2-12a2 2 0 0 1 2 2v2h-1.5V2a.5.5 0 0 0-.5-.5H8V0h2Z\" \/>\n\t\t\t<\/svg>\n\t\t<\/button><\/figure>\n<\/figure>\n","protected":false},"excerpt":{"rendered":"<p>Chambre de 12 m2 \u00e0 relooker:Pi\u00e8ce \u00e0 r\u00e9nover et \u00e0 moderniser pour en faire une chambre d\u2019amis accueillante et confortable. Avant Projet Apr\u00e8s Projet<\/p>\n","protected":false},"author":1,"featured_media":0,"parent":515,"menu_order":5,"comment_status":"closed","ping_status":"closed","template":"","meta":{"site-sidebar-layout":"default","site-content-layout":"","ast-site-content-layout":"default","site-content-style":"default","site-sidebar-style":"default","ast-global-header-display":"","ast-banner-title-visibility":"","ast-main-header-display":"","ast-hfb-above-header-display":"","ast-hfb-below-header-display":"","ast-hfb-mobile-header-display":"","site-post-title":"disabled","ast-breadcrumbs-content":"","ast-featured-img":"","footer-sml-layout":"","theme-transparent-header-meta":"","adv-header-id-meta":"","stick-header-meta":"","header-above-stick-meta":"","header-main-stick-meta":"","header-below-stick-meta":"","astra-migrate-meta-layouts":"set","ast-page-background-enabled":"default","ast-page-background-meta":{"desktop":{"background-color":"","background-image":"","background-repeat":"repeat","background-position":"center center","background-size":"auto","background-attachment":"scroll","background-type":"","background-media":"","overlay-type":"","overlay-color":"","overlay-gradient":""},"tablet":{"background-color":"","background-image":"","background-repeat":"repeat","background-position":"center center","background-size":"auto","background-attachment":"scroll","background-type":"","background-media":"","overlay-type":"","overlay-color":"","overlay-gradient":""},"mobile":{"background-color":"","background-image":"","background-repeat":"repeat","background-position":"center center","background-size":"auto","background-attachment":"scroll","background-type":"","background-media":"","overlay-type":"","overlay-color":"","overlay-gradient":""}},"ast-content-background-meta":{"desktop":{"background-color":"var(--ast-global-color-5)","background-image":"","background-repeat":"repeat","background-position":"center center","background-size":"auto","background-attachment":"scroll","background-type":"","background-media":"","overlay-type":"","overlay-color":"","overlay-gradient":""},"tablet":{"background-color":"var(--ast-global-color-5)","background-image":"","background-repeat":"repeat","background-position":"center center","background-size":"auto","background-attachment":"scroll","background-type":"","background-media":"","overlay-type":"","overlay-color":"","overlay-gradient":""},"mobile":{"background-color":"var(--ast-global-color-5)","background-image":"","background-repeat":"repeat","background-position":"center center","background-size":"auto","background-attachment":"scroll","background-type":"","background-media":"","overlay-type":"","overlay-color":"","overlay-gradient":""}},"footnotes":""},"class_list":["post-702","page","type-page","status-publish","hentry"],"_links":{"self":[{"href":"https:\/\/leschiera.design\/index.php\/wp-json\/wp\/v2\/pages\/702","targetHints":{"allow":["GET"]}}],"collection":[{"href":"https:\/\/leschiera.design\/index.php\/wp-json\/wp\/v2\/pages"}],"about":[{"href":"https:\/\/leschiera.design\/index.php\/wp-json\/wp\/v2\/types\/page"}],"author":[{"embeddable":true,"href":"https:\/\/leschiera.design\/index.php\/wp-json\/wp\/v2\/users\/1"}],"replies":[{"embeddable":true,"href":"https:\/\/leschiera.design\/index.php\/wp-json\/wp\/v2\/comments?post=702"}],"version-history":[{"count":5,"href":"https:\/\/leschiera.design\/index.php\/wp-json\/wp\/v2\/pages\/702\/revisions"}],"predecessor-version":[{"id":974,"href":"https:\/\/leschiera.design\/index.php\/wp-json\/wp\/v2\/pages\/702\/revisions\/974"}],"up":[{"embeddable":true,"href":"https:\/\/leschiera.design\/index.php\/wp-json\/wp\/v2\/pages\/515"}],"wp:attachment":[{"href":"https:\/\/leschiera.design\/index.php\/wp-json\/wp\/v2\/media?parent=702"}],"curies":[{"name":"wp","href":"https:\/\/api.w.org\/{rel}","templated":true}]}}