{"id":718,"date":"2023-12-01T11:45:16","date_gmt":"2023-12-01T10:45:16","guid":{"rendered":"https:\/\/leschiera.design\/?page_id=718"},"modified":"2023-12-14T14:20:07","modified_gmt":"2023-12-14T13:20:07","slug":"projet-agence","status":"publish","type":"page","link":"https:\/\/leschiera.design\/index.php\/realisations\/projet-agence\/","title":{"rendered":"Projet Agence"},"content":{"rendered":"\n<p class=\"has-text-align-center\" style=\"font-size:16px\"><strong>Mise en valeur d&rsquo;un bien:<\/strong><br>Agencer une pi\u00e8ce vide dans le cadre de la vente d&rsquo;un bien immobilier pour aider des acheteurs potentiels \u00e0 se projeter. <br>Pi\u00e8ce \u00e0 vivre de 26m2 devant contenir un espace salon et un espace repas.<\/p>\n\n\n\n<h2 class=\"wp-block-heading\" style=\"margin-top:var(--wp--preset--spacing--60);margin-bottom:var(--wp--preset--spacing--60);font-size:35px;font-style:normal;font-weight:100\">Avant Projet<\/h2>\n\n\n\n<figure class=\"wp-block-gallery has-nested-images columns-default is-cropped wp-block-gallery-1 is-layout-flex wp-block-gallery-is-layout-flex\">\n<figure data-wp-context=\"{&quot;imageId&quot;:&quot;69e7941892395&quot;}\" data-wp-interactive=\"core\/image\" data-wp-key=\"69e7941892395\" class=\"wp-block-image size-large has-custom-border wp-lightbox-container\"><img fetchpriority=\"high\" decoding=\"async\" width=\"988\" height=\"741\" data-wp-class--hide=\"state.isContentHidden\" data-wp-class--show=\"state.isContentVisible\" data-wp-init=\"callbacks.setButtonStyles\" data-wp-on--click=\"actions.showLightbox\" data-wp-on--load=\"callbacks.setButtonStyles\" data-wp-on-window--resize=\"callbacks.setButtonStyles\" data-id=\"869\" src=\"https:\/\/leschiera.design\/wp-content\/uploads\/2023\/12\/Avant-Salon-1.png\" alt=\"\" class=\"wp-image-869\" style=\"border-radius:10px\" srcset=\"https:\/\/leschiera.design\/wp-content\/uploads\/2023\/12\/Avant-Salon-1.png 988w, https:\/\/leschiera.design\/wp-content\/uploads\/2023\/12\/Avant-Salon-1-300x225.png 300w, https:\/\/leschiera.design\/wp-content\/uploads\/2023\/12\/Avant-Salon-1-768x576.png 768w\" sizes=\"(max-width: 988px) 100vw, 988px\" \/><button\n\t\t\tclass=\"lightbox-trigger\"\n\t\t\ttype=\"button\"\n\t\t\taria-haspopup=\"dialog\"\n\t\t\taria-label=\"Agrandir\"\n\t\t\tdata-wp-init=\"callbacks.initTriggerButton\"\n\t\t\tdata-wp-on--click=\"actions.showLightbox\"\n\t\t\tdata-wp-style--right=\"state.imageButtonRight\"\n\t\t\tdata-wp-style--top=\"state.imageButtonTop\"\n\t\t>\n\t\t\t<svg xmlns=\"http:\/\/www.w3.org\/2000\/svg\" width=\"12\" height=\"12\" fill=\"none\" viewBox=\"0 0 12 12\">\n\t\t\t\t<path fill=\"#fff\" d=\"M2 0a2 2 0 0 0-2 2v2h1.5V2a.5.5 0 0 1 .5-.5h2V0H2Zm2 10.5H2a.5.5 0 0 1-.5-.5V8H0v2a2 2 0 0 0 2 2h2v-1.5ZM8 12v-1.5h2a.5.5 0 0 0 .5-.5V8H12v2a2 2 0 0 1-2 2H8Zm2-12a2 2 0 0 1 2 2v2h-1.5V2a.5.5 0 0 0-.5-.5H8V0h2Z\" \/>\n\t\t\t<\/svg>\n\t\t<\/button><\/figure>\n\n\n\n<figure data-wp-context=\"{&quot;imageId&quot;:&quot;69e79418927bd&quot;}\" data-wp-interactive=\"core\/image\" data-wp-key=\"69e79418927bd\" class=\"wp-block-image size-large has-custom-border wp-lightbox-container\"><img decoding=\"async\" width=\"984\" height=\"739\" data-wp-class--hide=\"state.isContentHidden\" data-wp-class--show=\"state.isContentVisible\" data-wp-init=\"callbacks.setButtonStyles\" data-wp-on--click=\"actions.showLightbox\" data-wp-on--load=\"callbacks.setButtonStyles\" data-wp-on-window--resize=\"callbacks.setButtonStyles\" data-id=\"870\" src=\"https:\/\/leschiera.design\/wp-content\/uploads\/2023\/12\/Avant-Salon-2.png\" alt=\"\" class=\"wp-image-870\" style=\"border-radius:10px\" srcset=\"https:\/\/leschiera.design\/wp-content\/uploads\/2023\/12\/Avant-Salon-2.png 984w, https:\/\/leschiera.design\/wp-content\/uploads\/2023\/12\/Avant-Salon-2-300x225.png 300w, https:\/\/leschiera.design\/wp-content\/uploads\/2023\/12\/Avant-Salon-2-768x577.png 768w\" sizes=\"(max-width: 984px) 100vw, 984px\" \/><button\n\t\t\tclass=\"lightbox-trigger\"\n\t\t\ttype=\"button\"\n\t\t\taria-haspopup=\"dialog\"\n\t\t\taria-label=\"Agrandir\"\n\t\t\tdata-wp-init=\"callbacks.initTriggerButton\"\n\t\t\tdata-wp-on--click=\"actions.showLightbox\"\n\t\t\tdata-wp-style--right=\"state.imageButtonRight\"\n\t\t\tdata-wp-style--top=\"state.imageButtonTop\"\n\t\t>\n\t\t\t<svg xmlns=\"http:\/\/www.w3.org\/2000\/svg\" width=\"12\" height=\"12\" fill=\"none\" viewBox=\"0 0 12 12\">\n\t\t\t\t<path fill=\"#fff\" d=\"M2 0a2 2 0 0 0-2 2v2h1.5V2a.5.5 0 0 1 .5-.5h2V0H2Zm2 10.5H2a.5.5 0 0 1-.5-.5V8H0v2a2 2 0 0 0 2 2h2v-1.5ZM8 12v-1.5h2a.5.5 0 0 0 .5-.5V8H12v2a2 2 0 0 1-2 2H8Zm2-12a2 2 0 0 1 2 2v2h-1.5V2a.5.5 0 0 0-.5-.5H8V0h2Z\" \/>\n\t\t\t<\/svg>\n\t\t<\/button><\/figure>\n<\/figure>\n\n\n\n<h2 class=\"wp-block-heading\" style=\"margin-top:var(--wp--preset--spacing--60);margin-bottom:var(--wp--preset--spacing--60);font-size:35px;font-style:normal;font-weight:100\">Apr\u00e8s Projet<\/h2>\n\n\n\n<figure data-wp-context=\"{&quot;imageId&quot;:&quot;69e7941892c48&quot;}\" data-wp-interactive=\"core\/image\" data-wp-key=\"69e7941892c48\" class=\"wp-block-image size-large has-custom-border wp-lightbox-container\"><img decoding=\"async\" width=\"1024\" height=\"576\" data-wp-class--hide=\"state.isContentHidden\" data-wp-class--show=\"state.isContentVisible\" data-wp-init=\"callbacks.setButtonStyles\" data-wp-on--click=\"actions.showLightbox\" data-wp-on--load=\"callbacks.setButtonStyles\" data-wp-on-window--resize=\"callbacks.setButtonStyles\" src=\"http:\/\/leschiera.design\/wp-content\/uploads\/2023\/12\/Projet-Agence-4K-1024x576.jpeg\" alt=\"\" class=\"wp-image-877\" style=\"border-radius:10px\" srcset=\"https:\/\/leschiera.design\/wp-content\/uploads\/2023\/12\/Projet-Agence-4K-1024x576.jpeg 1024w, https:\/\/leschiera.design\/wp-content\/uploads\/2023\/12\/Projet-Agence-4K-300x169.jpeg 300w, https:\/\/leschiera.design\/wp-content\/uploads\/2023\/12\/Projet-Agence-4K-768x432.jpeg 768w, https:\/\/leschiera.design\/wp-content\/uploads\/2023\/12\/Projet-Agence-4K-1536x864.jpeg 1536w, https:\/\/leschiera.design\/wp-content\/uploads\/2023\/12\/Projet-Agence-4K-2048x1152.jpeg 2048w\" sizes=\"(max-width: 1024px) 100vw, 1024px\" \/><button\n\t\t\tclass=\"lightbox-trigger\"\n\t\t\ttype=\"button\"\n\t\t\taria-haspopup=\"dialog\"\n\t\t\taria-label=\"Agrandir\"\n\t\t\tdata-wp-init=\"callbacks.initTriggerButton\"\n\t\t\tdata-wp-on--click=\"actions.showLightbox\"\n\t\t\tdata-wp-style--right=\"state.imageButtonRight\"\n\t\t\tdata-wp-style--top=\"state.imageButtonTop\"\n\t\t>\n\t\t\t<svg xmlns=\"http:\/\/www.w3.org\/2000\/svg\" width=\"12\" height=\"12\" fill=\"none\" viewBox=\"0 0 12 12\">\n\t\t\t\t<path fill=\"#fff\" d=\"M2 0a2 2 0 0 0-2 2v2h1.5V2a.5.5 0 0 1 .5-.5h2V0H2Zm2 10.5H2a.5.5 0 0 1-.5-.5V8H0v2a2 2 0 0 0 2 2h2v-1.5ZM8 12v-1.5h2a.5.5 0 0 0 .5-.5V8H12v2a2 2 0 0 1-2 2H8Zm2-12a2 2 0 0 1 2 2v2h-1.5V2a.5.5 0 0 0-.5-.5H8V0h2Z\" \/>\n\t\t\t<\/svg>\n\t\t<\/button><\/figure>\n\n\n\n<figure class=\"wp-block-gallery has-nested-images columns-default is-cropped wp-block-gallery-2 is-layout-flex wp-block-gallery-is-layout-flex\">\n<figure data-wp-context=\"{&quot;imageId&quot;:&quot;69e7941892ffa&quot;}\" data-wp-interactive=\"core\/image\" data-wp-key=\"69e7941892ffa\" class=\"wp-block-image size-large has-custom-border wp-lightbox-container\"><img loading=\"lazy\" decoding=\"async\" width=\"1024\" height=\"576\" data-wp-class--hide=\"state.isContentHidden\" data-wp-class--show=\"state.isContentVisible\" data-wp-init=\"callbacks.setButtonStyles\" data-wp-on--click=\"actions.showLightbox\" data-wp-on--load=\"callbacks.setButtonStyles\" data-wp-on-window--resize=\"callbacks.setButtonStyles\" data-id=\"871\" src=\"https:\/\/leschiera.design\/wp-content\/uploads\/2023\/12\/Projet-Agence-1-1024x576.jpg\" alt=\"\" class=\"wp-image-871\" style=\"border-radius:10px\" srcset=\"https:\/\/leschiera.design\/wp-content\/uploads\/2023\/12\/Projet-Agence-1-1024x576.jpg 1024w, https:\/\/leschiera.design\/wp-content\/uploads\/2023\/12\/Projet-Agence-1-300x169.jpg 300w, https:\/\/leschiera.design\/wp-content\/uploads\/2023\/12\/Projet-Agence-1-768x432.jpg 768w, https:\/\/leschiera.design\/wp-content\/uploads\/2023\/12\/Projet-Agence-1-1536x864.jpg 1536w, https:\/\/leschiera.design\/wp-content\/uploads\/2023\/12\/Projet-Agence-1.jpg 1920w\" sizes=\"(max-width: 1024px) 100vw, 1024px\" \/><button\n\t\t\tclass=\"lightbox-trigger\"\n\t\t\ttype=\"button\"\n\t\t\taria-haspopup=\"dialog\"\n\t\t\taria-label=\"Agrandir\"\n\t\t\tdata-wp-init=\"callbacks.initTriggerButton\"\n\t\t\tdata-wp-on--click=\"actions.showLightbox\"\n\t\t\tdata-wp-style--right=\"state.imageButtonRight\"\n\t\t\tdata-wp-style--top=\"state.imageButtonTop\"\n\t\t>\n\t\t\t<svg xmlns=\"http:\/\/www.w3.org\/2000\/svg\" width=\"12\" height=\"12\" fill=\"none\" viewBox=\"0 0 12 12\">\n\t\t\t\t<path fill=\"#fff\" d=\"M2 0a2 2 0 0 0-2 2v2h1.5V2a.5.5 0 0 1 .5-.5h2V0H2Zm2 10.5H2a.5.5 0 0 1-.5-.5V8H0v2a2 2 0 0 0 2 2h2v-1.5ZM8 12v-1.5h2a.5.5 0 0 0 .5-.5V8H12v2a2 2 0 0 1-2 2H8Zm2-12a2 2 0 0 1 2 2v2h-1.5V2a.5.5 0 0 0-.5-.5H8V0h2Z\" \/>\n\t\t\t<\/svg>\n\t\t<\/button><\/figure>\n\n\n\n<figure data-wp-context=\"{&quot;imageId&quot;:&quot;69e7941893357&quot;}\" data-wp-interactive=\"core\/image\" data-wp-key=\"69e7941893357\" class=\"wp-block-image size-large has-custom-border wp-lightbox-container\"><img loading=\"lazy\" decoding=\"async\" width=\"1024\" height=\"576\" data-wp-class--hide=\"state.isContentHidden\" data-wp-class--show=\"state.isContentVisible\" data-wp-init=\"callbacks.setButtonStyles\" data-wp-on--click=\"actions.showLightbox\" data-wp-on--load=\"callbacks.setButtonStyles\" data-wp-on-window--resize=\"callbacks.setButtonStyles\" data-id=\"876\" src=\"https:\/\/leschiera.design\/wp-content\/uploads\/2023\/12\/Projet-Agence-6-1024x576.jpeg\" alt=\"\" class=\"wp-image-876\" style=\"border-radius:10px\" srcset=\"https:\/\/leschiera.design\/wp-content\/uploads\/2023\/12\/Projet-Agence-6-1024x576.jpeg 1024w, https:\/\/leschiera.design\/wp-content\/uploads\/2023\/12\/Projet-Agence-6-300x169.jpeg 300w, https:\/\/leschiera.design\/wp-content\/uploads\/2023\/12\/Projet-Agence-6-768x432.jpeg 768w, https:\/\/leschiera.design\/wp-content\/uploads\/2023\/12\/Projet-Agence-6-1536x864.jpeg 1536w, https:\/\/leschiera.design\/wp-content\/uploads\/2023\/12\/Projet-Agence-6.jpeg 1920w\" sizes=\"(max-width: 1024px) 100vw, 1024px\" \/><button\n\t\t\tclass=\"lightbox-trigger\"\n\t\t\ttype=\"button\"\n\t\t\taria-haspopup=\"dialog\"\n\t\t\taria-label=\"Agrandir\"\n\t\t\tdata-wp-init=\"callbacks.initTriggerButton\"\n\t\t\tdata-wp-on--click=\"actions.showLightbox\"\n\t\t\tdata-wp-style--right=\"state.imageButtonRight\"\n\t\t\tdata-wp-style--top=\"state.imageButtonTop\"\n\t\t>\n\t\t\t<svg xmlns=\"http:\/\/www.w3.org\/2000\/svg\" width=\"12\" height=\"12\" fill=\"none\" viewBox=\"0 0 12 12\">\n\t\t\t\t<path fill=\"#fff\" d=\"M2 0a2 2 0 0 0-2 2v2h1.5V2a.5.5 0 0 1 .5-.5h2V0H2Zm2 10.5H2a.5.5 0 0 1-.5-.5V8H0v2a2 2 0 0 0 2 2h2v-1.5ZM8 12v-1.5h2a.5.5 0 0 0 .5-.5V8H12v2a2 2 0 0 1-2 2H8Zm2-12a2 2 0 0 1 2 2v2h-1.5V2a.5.5 0 0 0-.5-.5H8V0h2Z\" \/>\n\t\t\t<\/svg>\n\t\t<\/button><\/figure>\n\n\n\n<figure data-wp-context=\"{&quot;imageId&quot;:&quot;69e79418936b0&quot;}\" data-wp-interactive=\"core\/image\" data-wp-key=\"69e79418936b0\" class=\"wp-block-image size-large has-custom-border wp-lightbox-container\"><img loading=\"lazy\" decoding=\"async\" width=\"1024\" height=\"576\" data-wp-class--hide=\"state.isContentHidden\" data-wp-class--show=\"state.isContentVisible\" data-wp-init=\"callbacks.setButtonStyles\" data-wp-on--click=\"actions.showLightbox\" data-wp-on--load=\"callbacks.setButtonStyles\" data-wp-on-window--resize=\"callbacks.setButtonStyles\" data-id=\"872\" src=\"https:\/\/leschiera.design\/wp-content\/uploads\/2023\/12\/Projet-Agence-2-1024x576.jpeg\" alt=\"\" class=\"wp-image-872\" style=\"border-radius:10px\" srcset=\"https:\/\/leschiera.design\/wp-content\/uploads\/2023\/12\/Projet-Agence-2-1024x576.jpeg 1024w, https:\/\/leschiera.design\/wp-content\/uploads\/2023\/12\/Projet-Agence-2-300x169.jpeg 300w, https:\/\/leschiera.design\/wp-content\/uploads\/2023\/12\/Projet-Agence-2-768x432.jpeg 768w, https:\/\/leschiera.design\/wp-content\/uploads\/2023\/12\/Projet-Agence-2-1536x864.jpeg 1536w, https:\/\/leschiera.design\/wp-content\/uploads\/2023\/12\/Projet-Agence-2.jpeg 1920w\" sizes=\"(max-width: 1024px) 100vw, 1024px\" \/><button\n\t\t\tclass=\"lightbox-trigger\"\n\t\t\ttype=\"button\"\n\t\t\taria-haspopup=\"dialog\"\n\t\t\taria-label=\"Agrandir\"\n\t\t\tdata-wp-init=\"callbacks.initTriggerButton\"\n\t\t\tdata-wp-on--click=\"actions.showLightbox\"\n\t\t\tdata-wp-style--right=\"state.imageButtonRight\"\n\t\t\tdata-wp-style--top=\"state.imageButtonTop\"\n\t\t>\n\t\t\t<svg xmlns=\"http:\/\/www.w3.org\/2000\/svg\" width=\"12\" height=\"12\" fill=\"none\" viewBox=\"0 0 12 12\">\n\t\t\t\t<path fill=\"#fff\" d=\"M2 0a2 2 0 0 0-2 2v2h1.5V2a.5.5 0 0 1 .5-.5h2V0H2Zm2 10.5H2a.5.5 0 0 1-.5-.5V8H0v2a2 2 0 0 0 2 2h2v-1.5ZM8 12v-1.5h2a.5.5 0 0 0 .5-.5V8H12v2a2 2 0 0 1-2 2H8Zm2-12a2 2 0 0 1 2 2v2h-1.5V2a.5.5 0 0 0-.5-.5H8V0h2Z\" \/>\n\t\t\t<\/svg>\n\t\t<\/button><\/figure>\n\n\n\n<figure data-wp-context=\"{&quot;imageId&quot;:&quot;69e79418939ca&quot;}\" data-wp-interactive=\"core\/image\" data-wp-key=\"69e79418939ca\" class=\"wp-block-image size-large has-custom-border wp-lightbox-container\"><img loading=\"lazy\" decoding=\"async\" width=\"1024\" height=\"576\" data-wp-class--hide=\"state.isContentHidden\" data-wp-class--show=\"state.isContentVisible\" data-wp-init=\"callbacks.setButtonStyles\" data-wp-on--click=\"actions.showLightbox\" data-wp-on--load=\"callbacks.setButtonStyles\" data-wp-on-window--resize=\"callbacks.setButtonStyles\" data-id=\"873\" src=\"https:\/\/leschiera.design\/wp-content\/uploads\/2023\/12\/Projet-Agence-3-1024x576.jpeg\" alt=\"\" class=\"wp-image-873\" style=\"border-radius:10px\" srcset=\"https:\/\/leschiera.design\/wp-content\/uploads\/2023\/12\/Projet-Agence-3-1024x576.jpeg 1024w, https:\/\/leschiera.design\/wp-content\/uploads\/2023\/12\/Projet-Agence-3-300x169.jpeg 300w, https:\/\/leschiera.design\/wp-content\/uploads\/2023\/12\/Projet-Agence-3-768x432.jpeg 768w, https:\/\/leschiera.design\/wp-content\/uploads\/2023\/12\/Projet-Agence-3-1536x864.jpeg 1536w, https:\/\/leschiera.design\/wp-content\/uploads\/2023\/12\/Projet-Agence-3.jpeg 1920w\" sizes=\"(max-width: 1024px) 100vw, 1024px\" \/><button\n\t\t\tclass=\"lightbox-trigger\"\n\t\t\ttype=\"button\"\n\t\t\taria-haspopup=\"dialog\"\n\t\t\taria-label=\"Agrandir\"\n\t\t\tdata-wp-init=\"callbacks.initTriggerButton\"\n\t\t\tdata-wp-on--click=\"actions.showLightbox\"\n\t\t\tdata-wp-style--right=\"state.imageButtonRight\"\n\t\t\tdata-wp-style--top=\"state.imageButtonTop\"\n\t\t>\n\t\t\t<svg xmlns=\"http:\/\/www.w3.org\/2000\/svg\" width=\"12\" height=\"12\" fill=\"none\" viewBox=\"0 0 12 12\">\n\t\t\t\t<path fill=\"#fff\" d=\"M2 0a2 2 0 0 0-2 2v2h1.5V2a.5.5 0 0 1 .5-.5h2V0H2Zm2 10.5H2a.5.5 0 0 1-.5-.5V8H0v2a2 2 0 0 0 2 2h2v-1.5ZM8 12v-1.5h2a.5.5 0 0 0 .5-.5V8H12v2a2 2 0 0 1-2 2H8Zm2-12a2 2 0 0 1 2 2v2h-1.5V2a.5.5 0 0 0-.5-.5H8V0h2Z\" \/>\n\t\t\t<\/svg>\n\t\t<\/button><\/figure>\n\n\n\n<figure data-wp-context=\"{&quot;imageId&quot;:&quot;69e7941893ced&quot;}\" data-wp-interactive=\"core\/image\" data-wp-key=\"69e7941893ced\" class=\"wp-block-image size-large has-custom-border wp-lightbox-container\"><img loading=\"lazy\" decoding=\"async\" width=\"1024\" height=\"576\" data-wp-class--hide=\"state.isContentHidden\" data-wp-class--show=\"state.isContentVisible\" data-wp-init=\"callbacks.setButtonStyles\" data-wp-on--click=\"actions.showLightbox\" data-wp-on--load=\"callbacks.setButtonStyles\" data-wp-on-window--resize=\"callbacks.setButtonStyles\" data-id=\"874\" src=\"https:\/\/leschiera.design\/wp-content\/uploads\/2023\/12\/Projet-Agence-4-1024x576.jpeg\" alt=\"\" class=\"wp-image-874\" style=\"border-radius:10px\" srcset=\"https:\/\/leschiera.design\/wp-content\/uploads\/2023\/12\/Projet-Agence-4-1024x576.jpeg 1024w, https:\/\/leschiera.design\/wp-content\/uploads\/2023\/12\/Projet-Agence-4-300x169.jpeg 300w, https:\/\/leschiera.design\/wp-content\/uploads\/2023\/12\/Projet-Agence-4-768x432.jpeg 768w, https:\/\/leschiera.design\/wp-content\/uploads\/2023\/12\/Projet-Agence-4-1536x864.jpeg 1536w, https:\/\/leschiera.design\/wp-content\/uploads\/2023\/12\/Projet-Agence-4.jpeg 1920w\" sizes=\"(max-width: 1024px) 100vw, 1024px\" \/><button\n\t\t\tclass=\"lightbox-trigger\"\n\t\t\ttype=\"button\"\n\t\t\taria-haspopup=\"dialog\"\n\t\t\taria-label=\"Agrandir\"\n\t\t\tdata-wp-init=\"callbacks.initTriggerButton\"\n\t\t\tdata-wp-on--click=\"actions.showLightbox\"\n\t\t\tdata-wp-style--right=\"state.imageButtonRight\"\n\t\t\tdata-wp-style--top=\"state.imageButtonTop\"\n\t\t>\n\t\t\t<svg xmlns=\"http:\/\/www.w3.org\/2000\/svg\" width=\"12\" height=\"12\" fill=\"none\" viewBox=\"0 0 12 12\">\n\t\t\t\t<path fill=\"#fff\" d=\"M2 0a2 2 0 0 0-2 2v2h1.5V2a.5.5 0 0 1 .5-.5h2V0H2Zm2 10.5H2a.5.5 0 0 1-.5-.5V8H0v2a2 2 0 0 0 2 2h2v-1.5ZM8 12v-1.5h2a.5.5 0 0 0 .5-.5V8H12v2a2 2 0 0 1-2 2H8Zm2-12a2 2 0 0 1 2 2v2h-1.5V2a.5.5 0 0 0-.5-.5H8V0h2Z\" \/>\n\t\t\t<\/svg>\n\t\t<\/button><\/figure>\n<\/figure>\n\n\n\n<figure data-wp-context=\"{&quot;imageId&quot;:&quot;69e79418940bd&quot;}\" data-wp-interactive=\"core\/image\" data-wp-key=\"69e79418940bd\" class=\"wp-block-image size-large has-custom-border wp-lightbox-container\"><img loading=\"lazy\" decoding=\"async\" width=\"1024\" height=\"576\" data-wp-class--hide=\"state.isContentHidden\" data-wp-class--show=\"state.isContentVisible\" data-wp-init=\"callbacks.setButtonStyles\" data-wp-on--click=\"actions.showLightbox\" data-wp-on--load=\"callbacks.setButtonStyles\" data-wp-on-window--resize=\"callbacks.setButtonStyles\" src=\"http:\/\/leschiera.design\/wp-content\/uploads\/2023\/12\/Projet-Agence-5-1024x576.jpeg\" alt=\"\" class=\"wp-image-875\" style=\"border-radius:10px\" srcset=\"https:\/\/leschiera.design\/wp-content\/uploads\/2023\/12\/Projet-Agence-5-1024x576.jpeg 1024w, https:\/\/leschiera.design\/wp-content\/uploads\/2023\/12\/Projet-Agence-5-300x169.jpeg 300w, https:\/\/leschiera.design\/wp-content\/uploads\/2023\/12\/Projet-Agence-5-768x432.jpeg 768w, https:\/\/leschiera.design\/wp-content\/uploads\/2023\/12\/Projet-Agence-5-1536x864.jpeg 1536w, https:\/\/leschiera.design\/wp-content\/uploads\/2023\/12\/Projet-Agence-5.jpeg 1920w\" sizes=\"(max-width: 1024px) 100vw, 1024px\" \/><button\n\t\t\tclass=\"lightbox-trigger\"\n\t\t\ttype=\"button\"\n\t\t\taria-haspopup=\"dialog\"\n\t\t\taria-label=\"Agrandir\"\n\t\t\tdata-wp-init=\"callbacks.initTriggerButton\"\n\t\t\tdata-wp-on--click=\"actions.showLightbox\"\n\t\t\tdata-wp-style--right=\"state.imageButtonRight\"\n\t\t\tdata-wp-style--top=\"state.imageButtonTop\"\n\t\t>\n\t\t\t<svg xmlns=\"http:\/\/www.w3.org\/2000\/svg\" width=\"12\" height=\"12\" fill=\"none\" viewBox=\"0 0 12 12\">\n\t\t\t\t<path fill=\"#fff\" d=\"M2 0a2 2 0 0 0-2 2v2h1.5V2a.5.5 0 0 1 .5-.5h2V0H2Zm2 10.5H2a.5.5 0 0 1-.5-.5V8H0v2a2 2 0 0 0 2 2h2v-1.5ZM8 12v-1.5h2a.5.5 0 0 0 .5-.5V8H12v2a2 2 0 0 1-2 2H8Zm2-12a2 2 0 0 1 2 2v2h-1.5V2a.5.5 0 0 0-.5-.5H8V0h2Z\" \/>\n\t\t\t<\/svg>\n\t\t<\/button><\/figure>\n","protected":false},"excerpt":{"rendered":"<p>Mise en valeur d&rsquo;un bien:Agencer une pi\u00e8ce vide dans le cadre de la vente d&rsquo;un bien immobilier pour aider des acheteurs potentiels \u00e0 se projeter. Pi\u00e8ce \u00e0 vivre de 26m2 devant contenir un espace salon et un espace repas. Avant Projet Apr\u00e8s Projet<\/p>\n","protected":false},"author":1,"featured_media":0,"parent":515,"menu_order":4,"comment_status":"closed","ping_status":"closed","template":"","meta":{"site-sidebar-layout":"default","site-content-layout":"","ast-site-content-layout":"default","site-content-style":"default","site-sidebar-style":"default","ast-global-header-display":"","ast-banner-title-visibility":"","ast-main-header-display":"","ast-hfb-above-header-display":"","ast-hfb-below-header-display":"","ast-hfb-mobile-header-display":"","site-post-title":"disabled","ast-breadcrumbs-content":"","ast-featured-img":"","footer-sml-layout":"","theme-transparent-header-meta":"","adv-header-id-meta":"","stick-header-meta":"","header-above-stick-meta":"","header-main-stick-meta":"","header-below-stick-meta":"","astra-migrate-meta-layouts":"set","ast-page-background-enabled":"default","ast-page-background-meta":{"desktop":{"background-color":"","background-image":"","background-repeat":"repeat","background-position":"center center","background-size":"auto","background-attachment":"scroll","background-type":"","background-media":"","overlay-type":"","overlay-color":"","overlay-gradient":""},"tablet":{"background-color":"","background-image":"","background-repeat":"repeat","background-position":"center center","background-size":"auto","background-attachment":"scroll","background-type":"","background-media":"","overlay-type":"","overlay-color":"","overlay-gradient":""},"mobile":{"background-color":"","background-image":"","background-repeat":"repeat","background-position":"center center","background-size":"auto","background-attachment":"scroll","background-type":"","background-media":"","overlay-type":"","overlay-color":"","overlay-gradient":""}},"ast-content-background-meta":{"desktop":{"background-color":"var(--ast-global-color-5)","background-image":"","background-repeat":"repeat","background-position":"center center","background-size":"auto","background-attachment":"scroll","background-type":"","background-media":"","overlay-type":"","overlay-color":"","overlay-gradient":""},"tablet":{"background-color":"var(--ast-global-color-5)","background-image":"","background-repeat":"repeat","background-position":"center center","background-size":"auto","background-attachment":"scroll","background-type":"","background-media":"","overlay-type":"","overlay-color":"","overlay-gradient":""},"mobile":{"background-color":"var(--ast-global-color-5)","background-image":"","background-repeat":"repeat","background-position":"center center","background-size":"auto","background-attachment":"scroll","background-type":"","background-media":"","overlay-type":"","overlay-color":"","overlay-gradient":""}},"footnotes":""},"class_list":["post-718","page","type-page","status-publish","hentry"],"_links":{"self":[{"href":"https:\/\/leschiera.design\/index.php\/wp-json\/wp\/v2\/pages\/718","targetHints":{"allow":["GET"]}}],"collection":[{"href":"https:\/\/leschiera.design\/index.php\/wp-json\/wp\/v2\/pages"}],"about":[{"href":"https:\/\/leschiera.design\/index.php\/wp-json\/wp\/v2\/types\/page"}],"author":[{"embeddable":true,"href":"https:\/\/leschiera.design\/index.php\/wp-json\/wp\/v2\/users\/1"}],"replies":[{"embeddable":true,"href":"https:\/\/leschiera.design\/index.php\/wp-json\/wp\/v2\/comments?post=718"}],"version-history":[{"count":6,"href":"https:\/\/leschiera.design\/index.php\/wp-json\/wp\/v2\/pages\/718\/revisions"}],"predecessor-version":[{"id":973,"href":"https:\/\/leschiera.design\/index.php\/wp-json\/wp\/v2\/pages\/718\/revisions\/973"}],"up":[{"embeddable":true,"href":"https:\/\/leschiera.design\/index.php\/wp-json\/wp\/v2\/pages\/515"}],"wp:attachment":[{"href":"https:\/\/leschiera.design\/index.php\/wp-json\/wp\/v2\/media?parent=718"}],"curies":[{"name":"wp","href":"https:\/\/api.w.org\/{rel}","templated":true}]}}